{"id":22362,"date":"2018-10-31T14:30:55","date_gmt":"2018-10-31T13:30:55","guid":{"rendered":"http:\/\/lantigel.com\/?page_id=22362"},"modified":"2025-12-19T09:51:37","modified_gmt":"2025-12-19T08:51:37","slug":"la-rosiere","status":"publish","type":"page","link":"https:\/\/lantigel.com\/de\/la-rosiere\/","title":{"rendered":"La Rosi\u00e8re"},"content":{"rendered":"<div     class=\"vc_row wpb_row section vc_row-fluid\" style='background-color:#ffffff; text-align:left;'><div class=\"full_section_inner clearfix\"><div class=\"wpb_column vc_column_container vc_col-sm-12\"><div class=\"vc_column-inner vc_custom_1543849600832\"><div class=\"wpb_wrapper\"><div class=\"vc_empty_space\"   style=\"height: 100px\"><span class=\"vc_empty_space_inner\"><\/span><\/div>\n\t<div class=\"wpb_single_image wpb_content_element vc_align_center\">\n\t\t<div class=\"wpb_wrapper\">\n\t\t\t\n\t\t\t<div class=\"vc_single_image-wrapper   vc_box_border_grey\"><img loading=\"lazy\" decoding=\"async\" width=\"42\" height=\"42\" src=\"https:\/\/lantigel.com\/wp-content\/uploads\/2018\/11\/Fichier-11.png\" class=\"vc_single_image-img attachment-full\" alt=\"Flocke2\" title=\"Datei 11\" \/><\/div>\n\t\t<\/div>\n\t<\/div>\n\n\t<div class=\"wpb_raw_code wpb_content_element wpb_raw_html\" >\n\t\t<div class=\"wpb_wrapper\">\n\t\t\t<div class=\"txt center\">\n    <img decoding=\"async\" src=\"\" alt=\"\">\n    <h2>Das italienischste franz\u00f6sische Resort<\/h2>\n    <p>Das Skigebiet La Rosi\u00e8re - Espace San Bernardo zeichnet sich durch Sonnenschein, Schnee, Erreichbarkeit und Verbindung mit Italien aus. Diesen Winter erstreckt sie sich \u00fcber den Mont Valaisan mit 5 neuen Pisten und einem Gipfel auf 2800 m.\u00fc.M.<\/p>\n<\/div>\n\t\t<\/div>\n\t<\/div>\n<\/div><\/div><\/div><\/div><\/div><section     data-speed=\"1\" class=\"parallax_section_holder\" style = \" height:px; background-image:url('https:\/\/lantigel.com\/wp-content\/uploads\/2018\/11\/LaRosiere_UnEspritAuthentique-e1558354451654.jpg');\"><div class=\"parallax_content center\"><div class='parallax_section_inner_margin clearfix'><div class=\"wpb_column vc_column_container vc_col-sm-12\"><div class=\"vc_column-inner\"><div class=\"wpb_wrapper\"><div     class=\"vc_row wpb_row vc_inner section vc_row-fluid\" style=' text-align:center;'><div class=\"full_section_inner clearfix\"><div class=\"element_from_fade\"><div style='transition-delay:500ms; -webkit-animation-delay:500ms; animation-delay:500ms;'><div class=\"wpb_column vc_column_container vc_col-sm-12\"><div class=\"vc_column-inner\"><div class=\"wpb_wrapper\"><div class='q_elements_holder one_column responsive_mode_from_768 alignment_one_column_center' ><div class='q_elements_item' style='vertical-align:middle;'><div class='q_elements_item_inner'><div class='q_elements_item_content q_elements_holder_custom_487557' style='padding:25.5% 26.5% 28% 26.5%'><style type=\"text\/css\" data-type=\"q_elements_custom_padding\" scoped>@media only screen and (min-width: 1280px) and (max-width: 1600px) { .q_elements_item_content.q_elements_holder_custom_487557{ padding: 12% 26.5% 12% 26.5% !important;}}@media only screen and (min-width: 1024px) and (max-width: 1280px) { .q_elements_item_content.q_elements_holder_custom_487557{ padding: 11% 26.5% 11% 26.5% !important;}}@media only screen and (min-width: 768px) and (max-width: 1024px) { .q_elements_item_content.q_elements_holder_custom_487557{ padding: 13% 22.5% 12% 22.5% !important;}}@media only screen and (min-width: 600px) and (max-width: 768px) { .q_elements_item_content.q_elements_holder_custom_487557{ padding: 16% 8.5% 19% 8.5% !important;}}@media only screen and (min-width: 480px) and (max-width: 600px) { .q_elements_item_content.q_elements_holder_custom_487557{ padding: 15% 5% 15% 5% !important;}}@media only screen and (max-width: 480px) { .q_elements_item_content.q_elements_holder_custom_487557{ padding: 15% 5% 15% 5% !important;}}<\/style>\n\t<div class=\"wpb_single_image wpb_content_element vc_align_center\">\n\t\t<div class=\"wpb_wrapper\">\n\t\t\t\n\t\t\t<div class=\"vc_single_image-wrapper   vc_box_border_grey\"><img loading=\"lazy\" decoding=\"async\" width=\"38\" height=\"31\" src=\"https:\/\/lantigel.com\/wp-content\/uploads\/2018\/11\/before-title-pito2-8.png\" class=\"vc_single_image-img attachment-full\" alt=\"Picto Berg\" title=\"vor-titel-pito2-8\" \/><\/div>\n\t\t<\/div>\n\t<\/div>\n<div class=\"vc_empty_space\"   style=\"height: 25px\"><span class=\"vc_empty_space_inner\"><\/span><\/div>\n\t<div class=\"wpb_text_column wpb_content_element  larosiereh1\">\n\t\t<div class=\"wpb_wrapper\">\n\t\t\t<h1 style=\"text-align: center;\"><span style=\"color: #ffffff;\">EIN AUTHENTISCHER GEIST<\/span><\/h1>\n\n\t\t<\/div> \n\t<\/div> <div class=\"vc_empty_space\"   style=\"height: 14px\"><span class=\"vc_empty_space_inner\"><\/span><\/div>\n\t<div class=\"wpb_text_column wpb_content_element\">\n\t\t<div class=\"wpb_wrapper\">\n\t\t\t<h4 style=\"text-align: center;\"><span style=\"color: #ffffff;\">Eine erhaltene und kontrollierte Bergdorfarchitektur, gem\u00fctliche Stein- und Holzchalets, mit Lauze bedeckt. La Rosi\u00e8re bietet einen unglaublichen Tapetenwechsel mit italienischer und savoyischer Kultur und Gastronomie.<\/span><\/h4>\n\n\t\t<\/div> \n\t<\/div> <div class=\"vc_empty_space\"   style=\"height: 33px\"><span class=\"vc_empty_space_inner\"><\/span><\/div><a href=\"https:\/\/www.larosiere.net\/\" target=\"_blank\"  class=\"qbutton  white\" style=\"\">Finde mehr heraus<\/a><\/div><\/div><\/div><\/div><\/div><\/div><\/div><\/div><\/div><\/div><\/div><\/div><\/div><\/div><\/div><\/div><\/section><div     class=\"vc_row wpb_row section vc_row-fluid\" style=' text-align:left;'><div class=\"full_section_inner clearfix\"><div class=\"wpb_column vc_column_container vc_col-sm-12\"><div class=\"vc_column-inner\"><div class=\"wpb_wrapper\"><div class='q_elements_holder two_columns responsive_mode_from_768'  style='background-color:#ffffff'><div class='q_elements_item'><div class='q_elements_item_inner'><div class='q_elements_item_content q_elements_holder_custom_554278'>\n\t<div class=\"wpb_single_image wpb_content_element vc_align_center\">\n\t\t<div class=\"wpb_wrapper\">\n\t\t\t\n\t\t\t<div class=\"vc_single_image-wrapper   vc_box_border_grey\"><img loading=\"lazy\" decoding=\"async\" width=\"1336\" height=\"1191\" src=\"https:\/\/lantigel.com\/wp-content\/uploads\/2018\/12\/rosiereete-1.jpg\" class=\"vc_single_image-img attachment-full\" alt=\"Rosenstrauch im Sommer\" title=\"Rosengarten im Sommer\" \/><\/div>\n\t\t<\/div>\n\t<\/div>\n<\/div><\/div><\/div><div class='q_elements_item' style='vertical-align:middle;'><div class='q_elements_item_inner'><div class='q_elements_item_content q_elements_holder_custom_326754' style='padding:13% 22% 0% 22%'><style type=\"text\/css\" data-type=\"q_elements_custom_padding\" scoped>@media only screen and (min-width: 1280px) and (max-width: 1600px) { .q_elements_item_content.q_elements_holder_custom_326754{ padding: 13% 22% 0% 22% !important;}}@media only screen and (min-width: 1024px) and (max-width: 1280px) { .q_elements_item_content.q_elements_holder_custom_326754{ padding: 13% 22% 0% 22% !important;}}@media only screen and (min-width: 768px) and (max-width: 1024px) { .q_elements_item_content.q_elements_holder_custom_326754{ padding: 13% 22% 0% 22% !important;}}@media only screen and (min-width: 600px) and (max-width: 768px) { .q_elements_item_content.q_elements_holder_custom_326754{ padding: 8% 15% 0% 15% !important;}}@media only screen and (min-width: 480px) and (max-width: 600px) { .q_elements_item_content.q_elements_holder_custom_326754{ padding: 8% 15% 0% 15% !important;}}@media only screen and (max-width: 480px) { .q_elements_item_content.q_elements_holder_custom_326754{ padding: 8% 15% 0% 15% !important;}}<\/style>\n\t<div class=\"wpb_single_image wpb_content_element vc_align_center\">\n\t\t<div class=\"wpb_wrapper\">\n\t\t\t\n\t\t\t<div class=\"vc_single_image-wrapper   vc_box_border_grey\"><img loading=\"lazy\" decoding=\"async\" width=\"38\" height=\"36\" src=\"https:\/\/lantigel.com\/wp-content\/uploads\/2018\/11\/Fichier-12.png\" class=\"vc_single_image-img attachment-full\" alt=\"Stern-Piktogramm\" title=\"Datei 12\" \/><\/div>\n\t\t<\/div>\n\t<\/div>\n<div class=\"vc_empty_space\"   style=\"height: 20px\"><span class=\"vc_empty_space_inner\"><\/span><\/div>\n\t<div class=\"wpb_text_column wpb_content_element  vc_custom_1541147926616\">\n\t\t<div class=\"wpb_wrapper\">\n\t\t\t<h2 style=\"text-align: center;\">SOMMER WIE WINTER<\/h2>\n\n\t\t<\/div> \n\t<\/div> <div class=\"vc_empty_space\"   style=\"height: 20px\"><span class=\"vc_empty_space_inner\"><\/span><\/div>\n\t<div class=\"wpb_text_column wpb_content_element\">\n\t\t<div class=\"wpb_wrapper\">\n\t\t\t<h4 style=\"text-align: center;\" class=\"translation-block\"><span style=\"color: #363636\">Genie\u00dfen Sie die franz\u00f6sisch-italienischen Berge im Sommer, indem Sie<\/span> <span style=\"color: #363636\">vom Col du Petit Saint-Bernard<\/span> <span style=\"color: #363636\">aus in weniger als 10 Autominuten Italien erreichen.<\/span> <span style=\"color: #363636\">Genie\u00dfen Sie eine Vielzahl von Aktivit\u00e4ten und<\/span> <span style=\"color: #363636\">Unterhaltung in einem grandiosen Panorama bei Sonnenschein und setzen Sie Ihre gastronomische Reise fort.<\/span><\/h4>\n\n\t\t<\/div> \n\t<\/div> <\/div><\/div><\/div><\/div><div class=\"vc_empty_space  vc_custom_1543851077600\"   style=\"height: 90px\"><span class=\"vc_empty_space_inner\"><\/span><\/div><\/div><\/div><\/div><\/div><\/div><div     class=\"vc_row wpb_row section vc_row-fluid vc_custom_1499681878069 grid_section\" style=' text-align:center;'><div class=\"section_inner clearfix\"><div class='section_inner_margin clearfix'><div class=\"wpb_column vc_column_container vc_col-sm-12 vc_col-lg-4 vc_col-md-4 vc_col-xs-12\"><div class=\"vc_column-inner\"><div class=\"wpb_wrapper\"><div class='q_elements_holder one_column responsive_mode_from_768' ><div class='q_elements_item' style='background-image: url(https:\/\/lantigel.com\/wp-content\/uploads\/2018\/11\/CTA_resto.jpg);background-position: center;background-repeat: no-repeat;background-size: cover;vertical-align:middle;'><div class='q_elements_item_inner'><div class='q_elements_item_content q_elements_holder_custom_103002' style='padding:29% 0%'><a href=\"\/de\/antigel\/restaurant\/\" target=\"_self\"  class=\"qbutton  white\" style=\"\">Restaurant<\/a><\/div><\/div><\/div><\/div><div class=\"vc_empty_space\"   style=\"height: 30px\"><span class=\"vc_empty_space_inner\"><\/span><\/div><\/div><\/div><\/div><div class=\"wpb_column vc_column_container vc_col-sm-12 vc_col-lg-4 vc_col-md-4 vc_col-xs-12\"><div class=\"vc_column-inner\"><div class=\"wpb_wrapper\"><div class='q_elements_holder one_column responsive_mode_from_768' ><div class='q_elements_item' style='background-image: url(https:\/\/lantigel.com\/wp-content\/uploads\/2018\/11\/CTA_snack.jpg);background-position: center;background-repeat: no-repeat;background-size: cover;vertical-align:middle;'><div class='q_elements_item_inner'><div class='q_elements_item_content q_elements_holder_custom_813828' style='padding:29% 0%'><a href=\"\/de\/antigel\/snack-bar\/\" target=\"_self\"  class=\"qbutton  white\" style=\"\">Die Snackbar<\/a><\/div><\/div><\/div><\/div><div class=\"vc_empty_space\"   style=\"height: 30px\"><span class=\"vc_empty_space_inner\"><\/span><\/div><\/div><\/div><\/div><div class=\"none wpb_column vc_column_container vc_col-sm-12 vc_col-lg-4 vc_col-md-4 vc_col-xs-12\"><div class=\"vc_column-inner\"><div class=\"wpb_wrapper\"><div class='q_elements_holder one_column responsive_mode_from_768' ><div class='q_elements_item' style='background-image: url(https:\/\/lantigel.com\/wp-content\/uploads\/2018\/11\/CTA\u00b0carte.jpg);background-position: center;background-repeat: no-repeat;background-size: cover;vertical-align:middle;'><div class='q_elements_item_inner'><div class='q_elements_item_content q_elements_holder_custom_367162' style='padding:29% 0%'><a href=\"https:\/\/lantigel.com\/de\/die-karte\/\" target=\"_self\"  class=\"qbutton  white\" style=\"\">Die Karte<\/a><\/div><\/div><\/div><\/div><div class=\"vc_empty_space\"   style=\"height: 30px\"><span class=\"vc_empty_space_inner\"><\/span><\/div><\/div><\/div><\/div><\/div><\/div><\/div>","protected":false},"excerpt":{"rendered":"Das italienischste der franz\u00f6sischen Skigebiete Das Skigebiet von La Rosi\u00e8re \u2013 Espace San Bernardo ist au\u00dfergew\u00f6hnlich f\u00fcr seinen Sonnenschein, seine Schneedecke, seine Erreichbarkeit und seine Verbindung mit Italien. Diesen Winter erstreckt es sich \u00fcber den Mont Valaisan mit 5 neuen Pisten und einem...","protected":false},"author":4,"featured_media":0,"parent":0,"menu_order":0,"comment_status":"closed","ping_status":"closed","template":"full_width.php","meta":{"footnotes":""},"class_list":["post-22362","page","type-page","status-publish","hentry"],"_links":{"self":[{"href":"https:\/\/lantigel.com\/de\/wp-json\/wp\/v2\/pages\/22362"}],"collection":[{"href":"https:\/\/lantigel.com\/de\/wp-json\/wp\/v2\/pages"}],"about":[{"href":"https:\/\/lantigel.com\/de\/wp-json\/wp\/v2\/types\/page"}],"author":[{"embeddable":true,"href":"https:\/\/lantigel.com\/de\/wp-json\/wp\/v2\/users\/4"}],"replies":[{"embeddable":true,"href":"https:\/\/lantigel.com\/de\/wp-json\/wp\/v2\/comments?post=22362"}],"version-history":[{"count":9,"href":"https:\/\/lantigel.com\/de\/wp-json\/wp\/v2\/pages\/22362\/revisions"}],"predecessor-version":[{"id":24280,"href":"https:\/\/lantigel.com\/de\/wp-json\/wp\/v2\/pages\/22362\/revisions\/24280"}],"wp:attachment":[{"href":"https:\/\/lantigel.com\/de\/wp-json\/wp\/v2\/media?parent=22362"}],"curies":[{"name":"wp","href":"https:\/\/api.w.org\/{rel}","templated":true}]}}