{"id":22661,"date":"2018-11-20T12:01:46","date_gmt":"2018-11-20T11:01:46","guid":{"rendered":"http:\/\/lantigel.com\/?page_id=22661"},"modified":"2021-08-31T13:43:12","modified_gmt":"2021-08-31T11:43:12","slug":"mentions-legales","status":"publish","type":"page","link":"https:\/\/lantigel.com\/de\/impressum\/","title":{"rendered":"Impressum"},"content":{"rendered":"<div     class=\"vc_row wpb_row section vc_row-fluid vc_custom_1542712100681\" style=' text-align:left;'><div class=\"full_section_inner clearfix\"><div class=\"wpb_column vc_column_container vc_col-sm-12\"><div class=\"vc_column-inner\"><div class=\"wpb_wrapper\"><div class=\"vc_empty_space\"   style=\"height: 50px\"><span class=\"vc_empty_space_inner\"><\/span><\/div>\n\t<div class=\"wpb_text_column wpb_content_element\">\n\t\t<div class=\"wpb_wrapper\">\n\t\t\t<div>\n<p>&nbsp;<\/p>\n<h4>1. RECHTLICHE HINWEISE<\/h4>\n<p>Der Herausgeber der Website ist die Firma MADISAN, L&#039;ANTIGEL. Der Hauptsitz dieser Firma befindet sich derzeit in La Rosiere - 73700 Montvalezan<br \/>\nUmsatzsteuer-Identifikationsnummer: *********<br \/>\nSitz: in Rosiere - 73700 Montvalezan<br \/>\nE-Mail: sandrine.noir@sfr.fr<br \/>\nHerausgeberin: Sandrine NOIR<\/p>\n<h4>2. SITE-HOSTING<\/h4>\n<p>Die Website antigel.com wird von OVH, SAS mit einem Kapital von 10.000.000 Euro gehostet, die beim RCS von Roubaix-Tourcoing unter der Nummer 424 761 419 00045 registriert ist. Hauptsitz: 2 rue Kellerman 59100 Roubaix France<\/p>\n<h4>3. RECHTE AN GEISTIGEM EIGENTUM<\/h4>\n<p>Die Site und ihr gesamter Inhalt (insbesondere die Marken, Logos, alle grafischen, textlichen und IT-Elemente der Site, einschlie\u00dflich insbesondere der Baumstrukturen, Formatierungen, Artikel, Pr\u00e4sentationen, Illustrationen, Fotografien und \/ oder anderen Dokumente) sind durch franz\u00f6sische und internationale Urheberrechte und Gesetze zum geistigen Eigentum gesch\u00fctzt. Eine Auslegung zugunsten einer Nutzungslizenz oder eines Rechts zur Nutzung dieser Elemente kann nicht vorgenommen werden. Als solche sind ihre Darstellungen, Reproduktionen, \u00dcberschneidungen, Sendungen und Wiederholungen, ganz oder teilweise, verboten (Artikel L. 122-4 des Gesetzes \u00fcber geistiges Eigentum). Wer dies tut, ohne eine vorherige und ausdr\u00fcckliche Zustimmung des Inhabers dieser Rechte begr\u00fcnden zu k\u00f6nnen, zieht sich die Strafen im Zusammenhang mit dem F\u00e4lschungsdelikt (Art. L. 335-2 ff. des Gesetzes \u00fcber das geistige Eigentum) zu. MADISAN kann von seinen Rechten, insbesondere geistigen Eigentumsrechten, Gebrauch machen, um ein Verfahren, insbesondere ein Strafverfahren, einzuleiten. MADISAN beh\u00e4lt sich das Recht vor, die auf der Website beschriebenen Informationen, Produkte, Programme oder Nutzungsbedingungen jederzeit zu verbessern oder zu \u00e4ndern, ohne dass daraus eine Haftung entsteht. Die geltenden Bedingungen und Hinweise sind diejenigen, die zum Zeitpunkt Ihrer Verbindung mit der Site in Kraft sind.<\/p>\n<h4>4. HYPERTEXT-LINKS<\/h4>\n<p>Der Benutzer, der \u00fcber einen Hypertext-Link in Richtung anderer Websites auf eine Website eines Drittanbieters weitergeleitet wird, erkennt an, dass MADISAN keine Kontrolle \u00fcber die Inhalte, Informationen, Produkte und Dienstleistungen dieser Websites hat. Folglich kann MADISAN in keinem Fall f\u00fcr direkte oder indirekte Sch\u00e4den haftbar gemacht werden, die sich aus der Nutzung von Websites ergeben, die \u00fcber Hypertext-Links zug\u00e4nglich sind. MADISAN ist auch nicht verantwortlich f\u00fcr Hypertext-Links, die auf die Site verweisen. Jeder, der Hypertext-Links einrichten m\u00f6chte, die auf die Site verweisen, muss die vorherige schriftliche Genehmigung von MADISAN einholen.<\/p>\n<h4>5. GEW\u00c4HRLEISTUNGSBESCHR\u00c4NKUNG<\/h4>\n<p>MADISAN erinnert Internetbenutzer an die Eigenschaften und Grenzen des Internetnetzwerks. MADISAN kann nicht f\u00fcr Sch\u00e4den verantwortlich gemacht werden, die sich aus dem Zugriff auf die Website oder im Gegenteil aus der Unm\u00f6glichkeit des Zugriffs ergeben. MADISAN kann in keinem Fall haftbar gemacht werden, falls die Site aus irgendeinem Grund (technischer Fehler, Netzwerk\u00fcberlastung usw.) nicht verf\u00fcgbar ist. Der Benutzer gibt ausdr\u00fccklich zu, die Website auf eigenes Risiko und unter seiner ausschlie\u00dflichen Verantwortung zu nutzen. MADISAN haftet nicht f\u00fcr direkte oder indirekte Sch\u00e4den materieller oder immaterieller Art, die den Benutzern, ihren IT- oder Telekommunikationsger\u00e4ten, den dort gespeicherten Daten und den daraus resultierenden Folgen f\u00fcr ihre pers\u00f6nliche, berufliche oder kommerzielle T\u00e4tigkeit zugef\u00fcgt werden. Die Informationen auf der Site werden nur zu Informationszwecken bereitgestellt. Die auf dieser Site ver\u00f6ffentlichten Informationen werden regelm\u00e4\u00dfig aktualisiert und \u00fcberpr\u00fcft, k\u00f6nnen jedoch dennoch Fehler enthalten. Die Informationen m\u00fcssen in jedem Fall ber\u00fccksichtigt werden, wenn sie online gestellt werden und nicht, wenn Sie die Site besuchen (diese Daten k\u00f6nnen zwischen dem Zeitpunkt des Herunterladens und dem Lesen aktualisiert worden sein). In jedem Fall kann MADISAN nicht f\u00fcr diese Informationen verantwortlich gemacht werden.<\/p>\n<h4>6. MARKEN<\/h4>\n<p>Alle genannten Marken, insbesondere MADISAN, sind eingetragene Warenzeichen. Alle Rechte vorbehalten Copyright \u00a9 - 2018 - MADISAN.<\/p>\n<h4>7. NUTZUNG DER WEBSITE<\/h4>\n<p>MADISAN bietet die Site haupts\u00e4chlich zur Nutzung durch seine Kunden und alle Personen an, die sich \u00fcber seine Dienstleistungen informieren m\u00f6chten. Wenn Sie sich mit der Site verbinden: - erkl\u00e4ren Sie sich damit einverstanden, diese Hinweise sowie allgemein geltende Gesetze einzuhalten, - Sie unterlassen jegliche Sammlung oder missbr\u00e4uchliche Verwendung, insbesondere der personenbezogenen Daten, auf die Sie zugreifen k\u00f6nnten, und im Allgemeinen , jede Handlung, die geeignet ist, Dritten zu schaden. Wenn Sie ein Formular ausf\u00fcllen und Angaben machen, erkl\u00e4ren Sie sich damit einverstanden: - zum Zeitpunkt der Eingabe echte, genaue und aktuelle Angaben zu machen und insbesondere keine falschen Namen, Qualit\u00e4ten oder Adressen oder auch Namen, Qualit\u00e4ten oder . zu verwenden Adressen ohne dazu befugt zu sein, - Registrierungsdaten aktuell zu halten, um deren Echtheit und Richtigkeit jederzeit zu gew\u00e4hrleisten, - keine rechtswidrigen, verwerflichen oder gar sch\u00e4dlichen Informationen, Programme oder Elemente (wie z Viren, Raubkopien oder das Kopieren von Software). - keine verleumderischen, obsz\u00f6nen, gewaltt\u00e4tigen, rassistischen Kommentare, Meinungen oder Informationen zu verbreiten, die allgemein gegen geltende Gesetze und Vorschriften, die Rechte des Einzelnen und die guten Sitten versto\u00dfen. Im Falle eines Versto\u00dfes gegen diese Bestimmungen beh\u00e4lt sich MADISAN das Recht vor, Ihnen den Zugriff auf die Website oder die angebotenen Dienste auf Ihr alleiniges Verschulden zu verweigern, unbeschadet jeglicher Haftungsklagen.<\/p>\n<p>&nbsp;<\/p>\n<p>\u00a9 2018 danke kreativ<\/p>\n<\/div>\n\n\t\t<\/div> \n\t<\/div> <div class=\"vc_empty_space\"   style=\"height: 50px\"><span class=\"vc_empty_space_inner\"><\/span><\/div><\/div><\/div><\/div><\/div><\/div>","protected":false},"excerpt":{"rendered":"&nbsp; 1. RECHTLICHE INFORMATIONEN Der Herausgeber der Website ist das Unternehmen MADISAN, L&#039;ANTIGEL, der Hauptsitz dieses Unternehmens befindet sich derzeit in La Rosiere - 73700 Montvalezan Umsatzsteuer-Identifikationsnummer: ********* Hauptsitz: a Rosiere - 73700 Montvalezan E-Mail: sandrine.noir@sfr.fr Herausgeberin: Sandrine NOIR 2. UNTERKUNFT...","protected":false},"author":4,"featured_media":0,"parent":0,"menu_order":0,"comment_status":"closed","ping_status":"closed","template":"full_width.php","meta":{"footnotes":""},"class_list":["post-22661","page","type-page","status-publish","hentry"],"_links":{"self":[{"href":"https:\/\/lantigel.com\/de\/wp-json\/wp\/v2\/pages\/22661"}],"collection":[{"href":"https:\/\/lantigel.com\/de\/wp-json\/wp\/v2\/pages"}],"about":[{"href":"https:\/\/lantigel.com\/de\/wp-json\/wp\/v2\/types\/page"}],"author":[{"embeddable":true,"href":"https:\/\/lantigel.com\/de\/wp-json\/wp\/v2\/users\/4"}],"replies":[{"embeddable":true,"href":"https:\/\/lantigel.com\/de\/wp-json\/wp\/v2\/comments?post=22661"}],"version-history":[{"count":6,"href":"https:\/\/lantigel.com\/de\/wp-json\/wp\/v2\/pages\/22661\/revisions"}],"predecessor-version":[{"id":24050,"href":"https:\/\/lantigel.com\/de\/wp-json\/wp\/v2\/pages\/22661\/revisions\/24050"}],"wp:attachment":[{"href":"https:\/\/lantigel.com\/de\/wp-json\/wp\/v2\/media?parent=22661"}],"curies":[{"name":"wp","href":"https:\/\/api.w.org\/{rel}","templated":true}]}}