{"id":245,"date":"2017-06-27T13:11:33","date_gmt":"2017-06-27T13:11:33","guid":{"rendered":"http:\/\/stockholm23.select-themes.com\/?page_id=245"},"modified":"2025-11-10T18:10:42","modified_gmt":"2025-11-10T17:10:42","slug":"home-2","status":"publish","type":"page","link":"https:\/\/lantigel.com\/de\/","title":{"rendered":"Heim"},"content":{"rendered":"<div     class=\"vc_row wpb_row section vc_row-fluid\" style=' text-align:center;'><div class=\"full_section_inner clearfix\"><div class=\"wpb_column vc_column_container vc_col-sm-12\"><div class=\"vc_column-inner\"><div class=\"wpb_wrapper\"><a href=\"https:\/\/www.covermanager.com\/reservation\/module_restaurant\/restaurant-lantigel\/french#\" target=\"_blank\"  class=\"qbutton  big_large_full_width\" style=\"color: #ffffff; font-weight: 800; font-size: 21px; background-color: #cd2040;\">BUCHE ONLINE<\/a><\/div><\/div><\/div><\/div><\/div><div     class=\"vc_row wpb_row section vc_row-fluid vc_custom_1541156687490\" style=' text-align:center;'><div class=\"full_section_inner clearfix\"><div class=\"txt-content wpb_column vc_column_container vc_col-sm-12 vc_col-lg-6 vc_col-md-12 vc_col-xs-12\"><div class=\"vc_column-inner\"><div class=\"wpb_wrapper\"><div class='q_elements_holder one_column responsive_mode_from_768' ><div class='q_elements_item'><div class='q_elements_item_inner'><div class='q_elements_item_content q_elements_holder_custom_370054' style='padding:23% 6% 0% 24%'><style type=\"text\/css\" data-type=\"q_elements_custom_padding\" scoped>@media only screen and (min-width: 1280px) and (max-width: 1600px) { .q_elements_item_content.q_elements_holder_custom_370054{ padding: 23% 6% 0% 24% !important;}}@media only screen and (min-width: 1024px) and (max-width: 1280px) { .q_elements_item_content.q_elements_holder_custom_370054{ padding: 23% 6% 0% 24% !important;}}<\/style>\n\t<div class=\"wpb_single_image wpb_content_element vc_align_center\">\n\t\t<div class=\"wpb_wrapper\">\n\t\t\t\n\t\t\t<div class=\"vc_single_image-wrapper   vc_box_border_grey\"><img loading=\"lazy\" decoding=\"async\" width=\"51\" height=\"25\" src=\"https:\/\/lantigel.com\/wp-content\/uploads\/2018\/11\/before-title-pito1-8.png\" class=\"vc_single_image-img attachment-full\" alt=\"\" title=\"vor-titel-pito1-8\" \/><\/div>\n\t\t<\/div>\n\t<\/div>\n<div class=\"vc_empty_space\"   style=\"height: 20px\"><span class=\"vc_empty_space_inner\"><\/span><\/div>\n\t<div class=\"wpb_text_column wpb_content_element  vc_custom_1540995021032\">\n\t\t<div class=\"wpb_wrapper\">\n\t\t\t<h2>ALT. 2000 M<\/h2>\n\n\t\t<\/div> \n\t<\/div> <div class=\"vc_empty_space\"   style=\"height: 20px\"><span class=\"vc_empty_space_inner\"><\/span><\/div>\n\t<div class=\"wpb_text_column wpb_content_element\">\n\t\t<div class=\"wpb_wrapper\">\n\t\t\t<h4>L\u2019Antigel, ein Chalet aus Stein und Holz, das von zwei einheimischen Kindern mit Respekt vor der Tradition entworfen und gebaut wurde, bietet Ihnen Atmosph\u00e4ren f\u00fcr jeden Wunsch: Gehen Sie auf Skiern, um den Sonnenuntergang zu genie\u00dfen...<\/h4>\n\n\t\t<\/div> \n\t<\/div> <\/div><\/div><\/div><\/div><\/div><\/div><\/div><div class=\"img-content wpb_column vc_column_container vc_col-sm-12 vc_col-lg-6 vc_col-md-12 vc_col-xs-12\"><div class=\"vc_column-inner\"><div class=\"wpb_wrapper\"><div class='q_elements_holder one_column responsive_mode_from_768' ><div class='q_elements_item'><div class='q_elements_item_inner'><div class='q_elements_item_content q_elements_holder_custom_504649' style='padding:15% 15% 15% 15%'><style type=\"text\/css\" data-type=\"q_elements_custom_padding\" scoped>@media only screen and (min-width: 1280px) and (max-width: 1600px) { .q_elements_item_content.q_elements_holder_custom_504649{ padding: 15% 15% 15% 15% !important;}}@media only screen and (min-width: 1024px) and (max-width: 1280px) { .q_elements_item_content.q_elements_holder_custom_504649{ padding: 15% 15% 15% 15% !important;}}<\/style>\n\t<div class=\"wpb_single_image wpb_content_element vc_align_center   bulle1\">\n\t\t<div class=\"wpb_wrapper\">\n\t\t\t\n\t\t\t<div class=\"vc_single_image-wrapper   vc_box_border_grey\"><img loading=\"lazy\" decoding=\"async\" width=\"915\" height=\"915\" src=\"https:\/\/lantigel.com\/wp-content\/uploads\/2025\/09\/ASSIETTE.png\" class=\"vc_single_image-img attachment-full\" alt=\"\" title=\"PLATTE\" srcset=\"https:\/\/lantigel.com\/wp-content\/uploads\/2025\/09\/ASSIETTE.png 915w, https:\/\/lantigel.com\/wp-content\/uploads\/2025\/09\/ASSIETTE-300x300.png 300w, https:\/\/lantigel.com\/wp-content\/uploads\/2025\/09\/ASSIETTE-150x150.png 150w, https:\/\/lantigel.com\/wp-content\/uploads\/2025\/09\/ASSIETTE-768x768.png 768w, https:\/\/lantigel.com\/wp-content\/uploads\/2025\/09\/ASSIETTE-12x12.png 12w, https:\/\/lantigel.com\/wp-content\/uploads\/2025\/09\/ASSIETTE-550x550.png 550w, https:\/\/lantigel.com\/wp-content\/uploads\/2025\/09\/ASSIETTE-500x500.png 500w, https:\/\/lantigel.com\/wp-content\/uploads\/2025\/09\/ASSIETTE-700x700.png 700w\" sizes=\"(max-width: 915px) 100vw, 915px\" \/><\/div>\n\t\t<\/div>\n\t<\/div>\n<\/div><\/div><\/div><\/div><\/div><\/div><\/div><\/div><\/div><section     data-speed=\"1\" class=\"parallax_section_holder\" style = \" height:px; background-image:url('https:\/\/lantigel.com\/wp-content\/uploads\/2025\/09\/Sans-titre-22.jpg');\"><div class=\"parallax_content center\"><div class='parallax_section_inner_margin clearfix'><div class=\"wpb_column vc_column_container vc_col-sm-12\"><div class=\"vc_column-inner\"><div class=\"wpb_wrapper\"><div     class=\"vc_row wpb_row vc_inner section vc_row-fluid\" style=' text-align:center;'><div class=\"full_section_inner clearfix\"><div class=\"element_from_fade\"><div style='transition-delay:500ms; -webkit-animation-delay:500ms; animation-delay:500ms;'><div class=\"wpb_column vc_column_container vc_col-sm-12\"><div class=\"vc_column-inner\"><div class=\"wpb_wrapper\"><div class='q_elements_holder one_column responsive_mode_from_768 alignment_one_column_center' ><div class='q_elements_item' style='vertical-align:middle;'><div class='q_elements_item_inner'><div class='q_elements_item_content q_elements_holder_custom_995177' style='padding:25.5% 22% 28% 22%'><style type=\"text\/css\" data-type=\"q_elements_custom_padding\" scoped>@media only screen and (min-width: 1280px) and (max-width: 1600px) { .q_elements_item_content.q_elements_holder_custom_995177{ padding: 12% 26.5% 12% 26.5% !important;}}@media only screen and (min-width: 1024px) and (max-width: 1280px) { .q_elements_item_content.q_elements_holder_custom_995177{ padding: 11% 26.5% 11% 26.5% !important;}}@media only screen and (min-width: 768px) and (max-width: 1024px) { .q_elements_item_content.q_elements_holder_custom_995177{ padding: 13% 22.5% 12% 22.5% !important;}}@media only screen and (min-width: 600px) and (max-width: 768px) { .q_elements_item_content.q_elements_holder_custom_995177{ padding: 16% 8.5% 19% 8.5% !important;}}@media only screen and (min-width: 480px) and (max-width: 600px) { .q_elements_item_content.q_elements_holder_custom_995177{ padding: 15% 5% 15% 5% !important;}}@media only screen and (max-width: 480px) { .q_elements_item_content.q_elements_holder_custom_995177{ padding: 15% 5% 15% 5% !important;}}<\/style>\n\t<div class=\"wpb_single_image wpb_content_element vc_align_center\">\n\t\t<div class=\"wpb_wrapper\">\n\t\t\t\n\t\t\t<div class=\"vc_single_image-wrapper   vc_box_border_grey\"><img loading=\"lazy\" decoding=\"async\" width=\"38\" height=\"31\" src=\"https:\/\/lantigel.com\/wp-content\/uploads\/2018\/11\/before-title-pito2-8.png\" class=\"vc_single_image-img attachment-full\" alt=\"Picto Berg\" title=\"vor-titel-pito2-8\" \/><\/div>\n\t\t<\/div>\n\t<\/div>\n<div class=\"vc_empty_space\"   style=\"height: 25px\"><span class=\"vc_empty_space_inner\"><\/span><\/div>\n\t<div class=\"wpb_text_column wpb_content_element\">\n\t\t<div class=\"wpb_wrapper\">\n\t\t\t<h2 style=\"text-align: center;\" class=\"translation-block\"><span style=\"color: #ffffff\">EINE K\u00dcCHE<\/span><br> <span style=\"color: #ffffff\">GOURMET UND GROSSZ\u00dcGIG<\/span><\/h2>\n\n\t\t<\/div> \n\t<\/div> <div class=\"vc_empty_space\"   style=\"height: 14px\"><span class=\"vc_empty_space_inner\"><\/span><\/div>\n\t<div class=\"wpb_text_column wpb_content_element\">\n\t\t<div class=\"wpb_wrapper\">\n\t\t\t<h4 style=\"text-align: center;\"><span style=\"color: #ffffff;\">Probieren Sie gute Hausmannskost! Der Antigel vereint authentisches Know-how und eine Auswahl an frischen saisonalen Produkten, um die Geschmacksnerven zu erfreuen.<\/span><\/h4>\n\n\t\t<\/div> \n\t<\/div> <div class=\"vc_empty_space\"   style=\"height: 33px\"><span class=\"vc_empty_space_inner\"><\/span><\/div><a href=\"https:\/\/lantigel.com\/de\/restaurant\/\" target=\"_self\"  class=\"qbutton  white\" style=\"margin: 0px 5px; \">Restaurant<\/a><\/div><\/div><\/div><\/div><\/div><\/div><\/div><\/div><\/div><\/div><\/div><\/div><\/div><\/div><\/div><\/div><\/section><div     class=\"vc_row wpb_row section vc_row-fluid vc_custom_1541156736399\" style=' text-align:left;'><div class=\"full_section_inner clearfix\"><div class=\"wpb_column vc_column_container vc_col-sm-12\"><div class=\"vc_column-inner\"><div class=\"wpb_wrapper\"><div class='q_elements_holder two_columns responsive_mode_from_768' ><div class='q_elements_item'><div class='q_elements_item_inner'><div class='q_elements_item_content q_elements_holder_custom_118034'>\n\t<div class=\"wpb_single_image wpb_content_element vc_align_center   img-full\">\n\t\t<div class=\"wpb_wrapper\">\n\t\t\t\n\t\t\t<div class=\"vc_single_image-wrapper   vc_box_border_grey\"><img loading=\"lazy\" decoding=\"async\" width=\"799\" height=\"712\" src=\"https:\/\/lantigel.com\/wp-content\/uploads\/2025\/09\/relax.jpg\" class=\"vc_single_image-img attachment-full\" alt=\"\" title=\"entspannen\" srcset=\"https:\/\/lantigel.com\/wp-content\/uploads\/2025\/09\/relax.jpg 799w, https:\/\/lantigel.com\/wp-content\/uploads\/2025\/09\/relax-300x267.jpg 300w, https:\/\/lantigel.com\/wp-content\/uploads\/2025\/09\/relax-768x684.jpg 768w, https:\/\/lantigel.com\/wp-content\/uploads\/2025\/09\/relax-13x12.jpg 13w, https:\/\/lantigel.com\/wp-content\/uploads\/2025\/09\/relax-700x624.jpg 700w, https:\/\/lantigel.com\/wp-content\/uploads\/2025\/09\/relax-125x112.jpg 125w\" sizes=\"(max-width: 799px) 100vw, 799px\" \/><\/div>\n\t\t<\/div>\n\t<\/div>\n<\/div><\/div><\/div><div class='q_elements_item' style='vertical-align:middle;'><div class='q_elements_item_inner'><div class='q_elements_item_content q_elements_holder_custom_520749' style='padding:13% 22% 0% 22%'><style type=\"text\/css\" data-type=\"q_elements_custom_padding\" scoped>@media only screen and (min-width: 1280px) and (max-width: 1600px) { .q_elements_item_content.q_elements_holder_custom_520749{ padding: 13% 22% 0% 22% !important;}}@media only screen and (min-width: 1024px) and (max-width: 1280px) { .q_elements_item_content.q_elements_holder_custom_520749{ padding: 13% 22% 0% 22% !important;}}@media only screen and (min-width: 768px) and (max-width: 1024px) { .q_elements_item_content.q_elements_holder_custom_520749{ padding: 13% 22% 0% 22% !important;}}@media only screen and (min-width: 600px) and (max-width: 768px) { .q_elements_item_content.q_elements_holder_custom_520749{ padding: 8% 15% 0% 15% !important;}}@media only screen and (min-width: 480px) and (max-width: 600px) { .q_elements_item_content.q_elements_holder_custom_520749{ padding: 8% 15% 0% 15% !important;}}@media only screen and (max-width: 480px) { .q_elements_item_content.q_elements_holder_custom_520749{ padding: 8% 15% 0% 15% !important;}}<\/style>\n\t<div class=\"wpb_single_image wpb_content_element vc_align_center\">\n\t\t<div class=\"wpb_wrapper\">\n\t\t\t\n\t\t\t<div class=\"vc_single_image-wrapper   vc_box_border_grey\"><img loading=\"lazy\" decoding=\"async\" width=\"47\" height=\"23\" src=\"https:\/\/lantigel.com\/wp-content\/uploads\/2018\/11\/before-title-pito3-8.png\" class=\"vc_single_image-img attachment-full\" alt=\"Blatt2\" title=\"vor-titel-pito3-8\" \/><\/div>\n\t\t<\/div>\n\t<\/div>\n<div class=\"vc_empty_space\"   style=\"height: 20px\"><span class=\"vc_empty_space_inner\"><\/span><\/div>\n\t<div class=\"wpb_text_column wpb_content_element  vc_custom_1540996561771\">\n\t\t<div class=\"wpb_wrapper\">\n\t\t\t<h2 style=\"text-align: center;\">EIN MOMENT DER ENTSPANNUNG IN DER SNACK-BAR<\/h2>\n\n\t\t<\/div> \n\t<\/div> <div class=\"vc_empty_space\"   style=\"height: 20px\"><span class=\"vc_empty_space_inner\"><\/span><\/div>\n\t<div class=\"wpb_text_column wpb_content_element\">\n\t\t<div class=\"wpb_wrapper\">\n\t\t\t<h4 style=\"text-align: center;\">Haben Sie es eilig, wieder auf die Pisten von La Rosi\u00e8re - Espace San Bernardo zur\u00fcckzukehren oder m\u00f6chten Sie einfach unsere S\u00fcdterrasse am Sonnenhang genie\u00dfen? Willkommen im D\u00e9gel Club, der Snackbar von L&#039;Antigel.<\/h4>\n\n\t\t<\/div> \n\t<\/div> <div class=\"vc_empty_space\"   style=\"height: 33px\"><span class=\"vc_empty_space_inner\"><\/span><\/div><a href=\"https:\/\/lantigel.com\/de\/imbissbude\/\" target=\"_self\"  class=\"qbutton\" style=\"\">Die Snackbar<\/a><\/div><\/div><\/div><\/div><\/div><\/div><\/div><\/div><\/div><div     class=\"vc_row wpb_row section vc_row-fluid vc_custom_1541156752575\" style=' text-align:center;'><div class=\"full_section_inner clearfix\"><div class=\"txt-content spe2 wpb_column vc_column_container vc_col-sm-12 vc_col-lg-6 vc_col-md-12 vc_col-xs-12\"><div class=\"vc_column-inner\"><div class=\"wpb_wrapper\"><div class='q_elements_holder one_column responsive_mode_from_768' ><div class='q_elements_item'><div class='q_elements_item_inner'><div class='q_elements_item_content q_elements_holder_custom_332764' style='padding:13% 6% 13% 24%'><style type=\"text\/css\" data-type=\"q_elements_custom_padding\" scoped>@media only screen and (min-width: 1280px) and (max-width: 1600px) { .q_elements_item_content.q_elements_holder_custom_332764{ padding: 13% 6% 13% 24% !important;}}@media only screen and (min-width: 1024px) and (max-width: 1280px) { .q_elements_item_content.q_elements_holder_custom_332764{ padding: 13% 6% 13% 24% !important;}}<\/style>\n\t<div class=\"wpb_single_image wpb_content_element vc_align_center\">\n\t\t<div class=\"wpb_wrapper\">\n\t\t\t\n\t\t\t<div class=\"vc_single_image-wrapper   vc_box_border_grey\"><img loading=\"lazy\" decoding=\"async\" width=\"24\" height=\"23\" src=\"https:\/\/lantigel.com\/wp-content\/uploads\/2018\/11\/before-title-pito4-8.png\" class=\"vc_single_image-img attachment-full\" alt=\"Stern\" title=\"vor-titel-pito4-8\" \/><\/div>\n\t\t<\/div>\n\t<\/div>\n<div class=\"vc_empty_space\"   style=\"height: 20px\"><span class=\"vc_empty_space_inner\"><\/span><\/div>\n\t<div class=\"wpb_text_column wpb_content_element  vc_custom_1638349292073\">\n\t\t<div class=\"wpb_wrapper\">\n\t\t\t<h2>UNSER UMWELTFREUNDLICHER ANSATZ<\/h2>\n\n\t\t<\/div> \n\t<\/div> <div class=\"vc_empty_space\"   style=\"height: 20px\"><span class=\"vc_empty_space_inner\"><\/span><\/div>\n\t<div class=\"wpb_text_column wpb_content_element\">\n\t\t<div class=\"wpb_wrapper\">\n\t\t\t<h4>Weil Wasser eine lebenswichtige Ressource ist und wir die Umwelt f\u00fcr unsere Kinder bewahren wollen, haben wir uns entschieden, Ihnen hochwertiges stilles und kohlens\u00e4urehaltiges Wasser anzubieten, das mikrogefiltert ist.<\/h4>\n<h4>Dieses in unserem Betrieb installierte Ger\u00e4t optimiert die Wasserversorgung im Netz und begrenzt gleichzeitig den Verbrauch von Kohlenwasserstoffen f\u00fcr Transport und Verpackung sowie Abfall.<\/h4>\n<h4>Wenn Sie jedoch kein Wasser 0 km m\u00f6chten, servieren wir Ihnen ein Mineralwasser Ihrer Wahl.<\/h4>\n\n\t\t<\/div> \n\t<\/div> <div class=\"vc_empty_space\"   style=\"height: 43px\"><span class=\"vc_empty_space_inner\"><\/span><\/div><a href=\"https:\/\/www.aquachiara.com\/fr\/\" target=\"_blank\"  class=\"qbutton\" style=\"\">Finde mehr heraus<\/a><\/div><\/div><\/div><\/div><\/div><\/div><\/div><div class=\"img-content wpb_column vc_column_container vc_col-sm-12 vc_col-lg-6 vc_col-md-12 vc_col-xs-12\"><div class=\"vc_column-inner\"><div class=\"wpb_wrapper\"><div class='q_elements_holder one_column responsive_mode_from_768' ><div class='q_elements_item'><div class='q_elements_item_inner'><div class='q_elements_item_content q_elements_holder_custom_430304' style='padding:15% 15% 15% 15%'><style type=\"text\/css\" data-type=\"q_elements_custom_padding\" scoped>@media only screen and (min-width: 1280px) and (max-width: 1600px) { .q_elements_item_content.q_elements_holder_custom_430304{ padding: 15% 15% 15% 15% !important;}}@media only screen and (min-width: 1024px) and (max-width: 1280px) { .q_elements_item_content.q_elements_holder_custom_430304{ padding: 15% 15% 15% 15% !important;}}<\/style>\n\t<div class=\"wpb_single_image wpb_content_element vc_align_center   bulle2\">\n\t\t<div class=\"wpb_wrapper\">\n\t\t\t\n\t\t\t<div class=\"vc_single_image-wrapper   vc_box_border_grey\"><img loading=\"lazy\" decoding=\"async\" class=\"vc_single_image-img\" src=\"https:\/\/lantigel.com\/wp-content\/uploads\/2021\/12\/AQUA-CHIARA.png\" width=\"443\" height=\"443\" alt=\"AQUA-CHIARA\" title=\"AQUA-CHIARA\" \/><\/div>\n\t\t<\/div>\n\t<\/div>\n<\/div><\/div><\/div><\/div><\/div><\/div><\/div><\/div><\/div><div     class=\"vc_row wpb_row section vc_row-fluid\" style=' text-align:left;'><div class=\"full_section_inner clearfix\"><div class=\"wpb_column vc_column_container vc_col-sm-12\"><div class=\"vc_column-inner\"><div class=\"wpb_wrapper\">\n\t<div class=\"wpb_raw_code wpb_content_element wpb_raw_html\" >\n\t\t<div class=\"wpb_wrapper\">\n\t\t\t<div class=\"notation\">\n  <a href=\"http:\/\/search.google.com\/local\/writereview?placeid=ChIJ81EfYUppiUcRrorpuIuLv1k\" target=\"_blank\">\n    <div class=\"img\">\n      <img decoding=\"async\" src=\"https:\/\/lantigel.com\/wp-content\/uploads\/2020\/05\/star.svg\" alt=\"\">\n    <\/div>\n  <\/a>\n<\/div>\n\t\t<\/div>\n\t<\/div>\n<\/div><\/div><\/div><\/div><\/div>","protected":false},"excerpt":{"rendered":"ONLINE BUCHEN ALT. 2000 M L&#039;Antigel, ein Chalet aus Stein und Holz, das von zwei einheimischen Kindern mit Respekt vor der Tradition entworfen und gebaut wurde, bietet Ihnen Atmosph\u00e4ren f\u00fcr jeden Wunsch: Fahren Sie auf Skiern, um den Sonnenuntergang zu genie\u00dfen ... EINE K\u00dcCHE ...","protected":false},"author":4,"featured_media":0,"parent":0,"menu_order":0,"comment_status":"closed","ping_status":"closed","template":"full_width.php","meta":{"footnotes":""},"class_list":["post-245","page","type-page","status-publish","hentry"],"_links":{"self":[{"href":"https:\/\/lantigel.com\/de\/wp-json\/wp\/v2\/pages\/245"}],"collection":[{"href":"https:\/\/lantigel.com\/de\/wp-json\/wp\/v2\/pages"}],"about":[{"href":"https:\/\/lantigel.com\/de\/wp-json\/wp\/v2\/types\/page"}],"author":[{"embeddable":true,"href":"https:\/\/lantigel.com\/de\/wp-json\/wp\/v2\/users\/4"}],"replies":[{"embeddable":true,"href":"https:\/\/lantigel.com\/de\/wp-json\/wp\/v2\/comments?post=245"}],"version-history":[{"count":38,"href":"https:\/\/lantigel.com\/de\/wp-json\/wp\/v2\/pages\/245\/revisions"}],"predecessor-version":[{"id":24273,"href":"https:\/\/lantigel.com\/de\/wp-json\/wp\/v2\/pages\/245\/revisions\/24273"}],"wp:attachment":[{"href":"https:\/\/lantigel.com\/de\/wp-json\/wp\/v2\/media?parent=245"}],"curies":[{"name":"wp","href":"https:\/\/api.w.org\/{rel}","templated":true}]}}