{"id":22349,"date":"2018-10-31T14:13:14","date_gmt":"2018-10-31T13:13:14","guid":{"rendered":"http:\/\/lantigel.com\/?page_id=22349"},"modified":"2025-11-10T18:16:12","modified_gmt":"2025-11-10T17:16:12","slug":"restaurant","status":"publish","type":"page","link":"https:\/\/lantigel.com\/es\/restaurante\/","title":{"rendered":"Restaurante"},"content":{"rendered":"<div     class=\"vc_row wpb_row section vc_row-fluid\" style=' text-align:center;'><div class=\"full_section_inner clearfix\"><div class=\"wpb_column vc_column_container vc_col-sm-12\"><div class=\"vc_column-inner\"><div class=\"wpb_wrapper\"><a href=\"https:\/\/www.covermanager.com\/reservation\/module_restaurant\/restaurant-lantigel\/french#\" target=\"_blank\"  class=\"qbutton  big_large_full_width\" style=\"color: #ffffff; font-weight: 800; font-size: 21px; background-color: #cd2040;\">LIBRO EN L\u00cdNEA<\/a><\/div><\/div><\/div><\/div><\/div><div     class=\"vc_row wpb_row section vc_row-fluid\" style='background-color:#ffffff; text-align:center;'><div class=\"full_section_inner clearfix\"><div class=\"txt-content wpb_column vc_column_container vc_col-sm-12 vc_col-lg-6 vc_col-md-12 vc_col-xs-12\"><div class=\"vc_column-inner\"><div class=\"wpb_wrapper\"><div class='q_elements_holder one_column responsive_mode_from_768' ><div class='q_elements_item'><div class='q_elements_item_inner'><div class='q_elements_item_content q_elements_holder_custom_601636' style='padding:13% 6% 0% 22%'><style type=\"text\/css\" data-type=\"q_elements_custom_padding\" scoped>@media only screen and (min-width: 1280px) and (max-width: 1600px) { .q_elements_item_content.q_elements_holder_custom_601636{ padding: 13% 6% 0% 22% !important;}}@media only screen and (min-width: 1024px) and (max-width: 1280px) { .q_elements_item_content.q_elements_holder_custom_601636{ padding: 18% 18% 0% 18% !important;}}@media only screen and (min-width: 768px) and (max-width: 1024px) { .q_elements_item_content.q_elements_holder_custom_601636{ padding: 13% 16% 0% 16% !important;}}<\/style>\n\t<div class=\"wpb_single_image wpb_content_element vc_align_center\">\n\t\t<div class=\"wpb_wrapper\">\n\t\t\t\n\t\t\t<div class=\"vc_single_image-wrapper   vc_box_border_grey\"><img loading=\"lazy\" decoding=\"async\" width=\"44\" height=\"42\" src=\"https:\/\/lantigel.com\/wp-content\/uploads\/2018\/11\/Fichier-7.png\" class=\"vc_single_image-img attachment-full\" alt=\"estrella\" title=\"Archivo 7\" \/><\/div>\n\t\t<\/div>\n\t<\/div>\n<div class=\"vc_empty_space\"   style=\"height: 20px\"><span class=\"vc_empty_space_inner\"><\/span><\/div>\n\t<div class=\"wpb_text_column wpb_content_element  vc_custom_1540997560707\">\n\t\t<div class=\"wpb_wrapper\">\n\t\t\t<h2>BIENVENIDO A NUESTRO RESTAURANTE ALTITUD<\/h2>\n\n\t\t<\/div> \n\t<\/div> <div class=\"vc_empty_space\"   style=\"height: 20px\"><span class=\"vc_empty_space_inner\"><\/span><\/div>\n\t<div class=\"wpb_text_column wpb_content_element\">\n\t\t<div class=\"wpb_wrapper\">\n\t\t\t<h4>Productos frescos, refinada cocina casera, un equipo sonriente y din\u00e1mico a su servicio para ofrecerle un verdadero momento de placer.<\/h4>\n\n\t\t<\/div> \n\t<\/div> <div class=\"vc_empty_space\"   style=\"height: 43px\"><span class=\"vc_empty_space_inner\"><\/span><\/div><\/div><\/div><\/div><\/div><\/div><\/div><\/div><div class=\"img-content wpb_column vc_column_container vc_col-sm-12 vc_col-lg-6 vc_col-md-12 vc_col-xs-12\"><div class=\"vc_column-inner\"><div class=\"wpb_wrapper\"><div class='q_elements_holder one_column responsive_mode_from_768' ><div class='q_elements_item'><div class='q_elements_item_inner'><div class='q_elements_item_content q_elements_holder_custom_839426' style='padding:15% 15% 15% 15%'><style type=\"text\/css\" data-type=\"q_elements_custom_padding\" scoped>@media only screen and (min-width: 1280px) and (max-width: 1600px) { .q_elements_item_content.q_elements_holder_custom_839426{ padding: 15% 15% 15% 15% !important;}}@media only screen and (min-width: 1024px) and (max-width: 1280px) { .q_elements_item_content.q_elements_holder_custom_839426{ padding: 15% 15% 15% 15% !important;}}@media only screen and (min-width: 768px) and (max-width: 1024px) { .q_elements_item_content.q_elements_holder_custom_839426{ padding: 15% 15% 15% 15% !important;}}<\/style>\n\t<div class=\"wpb_single_image wpb_content_element vc_align_center   bulle3\">\n\t\t<div class=\"wpb_wrapper\">\n\t\t\t\n\t\t\t<div class=\"vc_single_image-wrapper   vc_box_border_grey\"><img loading=\"lazy\" decoding=\"async\" width=\"443\" height=\"443\" src=\"https:\/\/lantigel.com\/wp-content\/uploads\/2025\/09\/TARTE-MYRTILLES.png\" class=\"vc_single_image-img attachment-full\" alt=\"\" title=\"PASTEL DE AR\u00c1NDANOS\" srcset=\"https:\/\/lantigel.com\/wp-content\/uploads\/2025\/09\/TARTE-MYRTILLES.png 443w, https:\/\/lantigel.com\/wp-content\/uploads\/2025\/09\/TARTE-MYRTILLES-300x300.png 300w, https:\/\/lantigel.com\/wp-content\/uploads\/2025\/09\/TARTE-MYRTILLES-150x150.png 150w, https:\/\/lantigel.com\/wp-content\/uploads\/2025\/09\/TARTE-MYRTILLES-12x12.png 12w\" sizes=\"(max-width: 443px) 100vw, 443px\" \/><\/div>\n\t\t<\/div>\n\t<\/div>\n<\/div><\/div><\/div><\/div><\/div><\/div><\/div><\/div><\/div><div     class=\"vc_row wpb_row section vc_row-fluid none vc_custom_1545822865414 grid_section\" style=' text-align:center;'><div class=\"section_inner clearfix\"><div class='section_inner_margin clearfix'><div class=\"wpb_column vc_column_container vc_col-sm-12 vc_col-lg-4 vc_col-md-4\"><div class=\"vc_column-inner vc_custom_1498748341372\"><div class=\"wpb_wrapper\"><div class='q_team'><div class='q_team_inner'><div class='q_team_image'><img src='https:\/\/lantigel.com\/wp-content\/uploads\/2021\/12\/aperol.png' alt='team_image' \/><div class='q_team_social_holder'  style='background-color:rgba(0,0,0,0.01);'><div class='q_team_social'><div class='q_team_social_inner'><\/div><\/div><\/div><\/div><div class='q_team_text' ><div class='q_team_text_inner'><div class='q_team_title_holder'><h4 class='q_team_name' ><\/h4><\/div><\/div><\/div><\/div><\/div><\/div><\/div><\/div><div class=\"wpb_column vc_column_container vc_col-sm-12 vc_col-lg-4 vc_col-md-4\"><div class=\"vc_column-inner vc_custom_1498748350447\"><div class=\"wpb_wrapper\"><div class='q_team'><div class='q_team_inner'><div class='q_team_image'><img src='https:\/\/lantigel.com\/wp-content\/uploads\/2021\/12\/cafe.png' alt='team_image' \/><div class='q_team_social_holder'  style='background-color:rgba(0,0,0,0.01);'><div class='q_team_social'><div class='q_team_social_inner'><\/div><\/div><\/div><\/div><div class='q_team_text' ><div class='q_team_text_inner'><div class='q_team_title_holder'><h4 class='q_team_name' ><\/h4><\/div><\/div><\/div><\/div><\/div><\/div><\/div><\/div><div class=\"wpb_column vc_column_container vc_col-sm-12 vc_col-lg-4 vc_col-md-4\"><div class=\"vc_column-inner\"><div class=\"wpb_wrapper\"><div class='q_team'><div class='q_team_inner'><div class='q_team_image'><img src='https:\/\/lantigel.com\/wp-content\/uploads\/2021\/12\/MEnu-resto.png' alt='team_image' \/><div class='q_team_social_holder'  style='background-color:rgba(0,0,0,0.01);'><div class='q_team_social'><div class='q_team_social_inner'><\/div><\/div><\/div><\/div><div class='q_team_text' ><div class='q_team_text_inner'><div class='q_team_title_holder'><h4 class='q_team_name' ><\/h4><\/div><\/div><\/div><\/div><\/div><\/div><\/div><\/div><\/div><\/div><\/div><section     data-speed=\"1\" class=\"parallax_section_holder\" style = \" height:px; background-image:url('https:\/\/lantigel.com\/wp-content\/uploads\/2018\/11\/Restaurant_bandeau-e1558354185198.jpg');\"><div class=\"parallax_content center\"><div class='parallax_section_inner_margin clearfix'><div class=\"wpb_column vc_column_container vc_col-sm-12\"><div class=\"vc_column-inner\"><div class=\"wpb_wrapper\"><div     class=\"vc_row wpb_row vc_inner section vc_row-fluid\" style=' text-align:center;'><div class=\"full_section_inner clearfix\"><div class=\"element_from_fade\"><div style='transition-delay:500ms; -webkit-animation-delay:500ms; animation-delay:500ms;'><div class=\"wpb_column vc_column_container vc_col-sm-12\"><div class=\"vc_column-inner\"><div class=\"wpb_wrapper\"><div class='q_elements_holder one_column responsive_mode_from_768 alignment_one_column_center' ><div class='q_elements_item' style='vertical-align:middle;'><div class='q_elements_item_inner'><div class='q_elements_item_content q_elements_holder_custom_570699' style='padding:25.5% 26.5% 28% 26.5%'><style type=\"text\/css\" data-type=\"q_elements_custom_padding\" scoped>@media only screen and (min-width: 1280px) and (max-width: 1600px) { .q_elements_item_content.q_elements_holder_custom_570699{ padding: 12% 26.5% 12% 26.5% !important;}}@media only screen and (min-width: 1024px) and (max-width: 1280px) { .q_elements_item_content.q_elements_holder_custom_570699{ padding: 11% 26.5% 11% 26.5% !important;}}@media only screen and (min-width: 768px) and (max-width: 1024px) { .q_elements_item_content.q_elements_holder_custom_570699{ padding: 13% 22.5% 12% 22.5% !important;}}@media only screen and (min-width: 600px) and (max-width: 768px) { .q_elements_item_content.q_elements_holder_custom_570699{ padding: 16% 8.5% 19% 8.5% !important;}}@media only screen and (min-width: 480px) and (max-width: 600px) { .q_elements_item_content.q_elements_holder_custom_570699{ padding: 15% 5% 15% 5% !important;}}@media only screen and (max-width: 480px) { .q_elements_item_content.q_elements_holder_custom_570699{ padding: 15% 5% 15% 5% !important;}}<\/style><\/div><\/div><\/div><\/div><\/div><\/div><\/div><\/div><\/div><\/div><\/div><\/div><\/div><\/div><\/div><\/div><\/section><div     class=\"vc_row wpb_row section vc_row-fluid\" style='background-color:#ffffff; text-align:left;'><div class=\"full_section_inner clearfix\"><div class=\"wpb_column vc_column_container vc_col-sm-12\"><div class=\"vc_column-inner\"><div class=\"wpb_wrapper\"><div class='q_elements_holder two_columns responsive_mode_from_768' ><div class='q_elements_item' style='vertical-align:middle;'><div class='q_elements_item_inner'><div class='q_elements_item_content q_elements_holder_custom_182379' style='padding:8% 22% 8% 22%'><style type=\"text\/css\" data-type=\"q_elements_custom_padding\" scoped>@media only screen and (min-width: 1280px) and (max-width: 1600px) { .q_elements_item_content.q_elements_holder_custom_182379{ padding: 8% 22% 8% 22% !important;}}@media only screen and (min-width: 1024px) and (max-width: 1280px) { .q_elements_item_content.q_elements_holder_custom_182379{ padding: 8% 22% 8% 22% !important;}}@media only screen and (min-width: 768px) and (max-width: 1024px) { .q_elements_item_content.q_elements_holder_custom_182379{ padding: 13% 16% 0% 16% !important;}}@media only screen and (min-width: 600px) and (max-width: 768px) { .q_elements_item_content.q_elements_holder_custom_182379{ padding: 8% 15% 8% 15% !important;}}@media only screen and (min-width: 480px) and (max-width: 600px) { .q_elements_item_content.q_elements_holder_custom_182379{ padding: 8% 15% 8% 15% !important;}}@media only screen and (max-width: 480px) { .q_elements_item_content.q_elements_holder_custom_182379{ padding: 8% 15% 8% 15% !important;}}<\/style>\n\t<div class=\"wpb_single_image wpb_content_element vc_align_center\">\n\t\t<div class=\"wpb_wrapper\">\n\t\t\t\n\t\t\t<div class=\"vc_single_image-wrapper   vc_box_border_grey\"><img loading=\"lazy\" decoding=\"async\" width=\"78\" height=\"34\" src=\"https:\/\/lantigel.com\/wp-content\/uploads\/2018\/11\/dameuse.png\" class=\"vc_single_image-img attachment-full\" alt=\"aplanadora de nieve\" title=\"aplanadora de nieve\" \/><\/div>\n\t\t<\/div>\n\t<\/div>\n<div class=\"vc_empty_space\"   style=\"height: 20px\"><span class=\"vc_empty_space_inner\"><\/span><\/div>\n\t<div class=\"wpb_text_column wpb_content_element  vc_custom_1667558103633\">\n\t\t<div class=\"wpb_wrapper\">\n\t\t\t<h2 style=\"text-align: center;\">JUEVES ES MARCOTTI<\/h2>\n\n\t\t<\/div> \n\t<\/div> <div class=\"vc_empty_space\"   style=\"height: 20px\"><span class=\"vc_empty_space_inner\"><\/span><\/div>\n\t<div class=\"wpb_text_column wpb_content_element\">\n\t\t<div class=\"wpb_wrapper\">\n\t\t\t<h4 class=\"x_gmail_default\" style=\"text-align: center;\">Nuestro dj residente Philippe Marcotti ambienta L\u2019Antigel todos los jueves de 14h a 16:30h. La tarde festiva m\u00e1s concurrida de La Rosi\u00e8re.<\/h4>\n\n\t\t<\/div> \n\t<\/div> <div class=\"vc_empty_space\"   style=\"height: 43px\"><span class=\"vc_empty_space_inner\"><\/span><\/div><a href=\"\/es\/antigel\/contact-us\/\" target=\"_self\"  class=\"qbutton\" style=\"\">Contactar<\/a><\/div><\/div><\/div><div class='q_elements_item'><div class='q_elements_item_inner'><div class='q_elements_item_content q_elements_holder_custom_376581'>\n\t<div class=\"wpb_single_image wpb_content_element vc_align_center   img-full\">\n\t\t<div class=\"wpb_wrapper\">\n\t\t\t\n\t\t\t<div class=\"vc_single_image-wrapper   vc_box_border_grey\"><img loading=\"lazy\" decoding=\"async\" width=\"800\" height=\"713\" src=\"https:\/\/lantigel.com\/wp-content\/uploads\/2022\/11\/dj-marcotti.jpg\" class=\"vc_single_image-img attachment-full\" alt=\"\" title=\"dj marcotti\" srcset=\"https:\/\/lantigel.com\/wp-content\/uploads\/2022\/11\/dj-marcotti.jpg 800w, https:\/\/lantigel.com\/wp-content\/uploads\/2022\/11\/dj-marcotti-300x267.jpg 300w, https:\/\/lantigel.com\/wp-content\/uploads\/2022\/11\/dj-marcotti-768x684.jpg 768w, https:\/\/lantigel.com\/wp-content\/uploads\/2022\/11\/dj-marcotti-13x12.jpg 13w, https:\/\/lantigel.com\/wp-content\/uploads\/2022\/11\/dj-marcotti-700x624.jpg 700w, https:\/\/lantigel.com\/wp-content\/uploads\/2022\/11\/dj-marcotti-125x112.jpg 125w\" sizes=\"(max-width: 800px) 100vw, 800px\" \/><\/div>\n\t\t<\/div>\n\t<\/div>\n<\/div><\/div><\/div><\/div><\/div><\/div><\/div><\/div><\/div><div     class=\"vc_row wpb_row section vc_row-fluid comment\" style='background-image:url(https:\/\/lantigel.com\/wp-content\/uploads\/2018\/11\/Fichier-7-1.png); text-align:left;'><div class=\"full_section_inner clearfix\"><div class=\"wpb_column vc_column_container vc_col-sm-12\"><div class=\"vc_column-inner\"><div class=\"wpb_wrapper\"><div class=\"vc_empty_space\"   style=\"height: 100px\"><span class=\"vc_empty_space_inner\"><\/span><\/div>\n\t<div class=\"wpb_single_image wpb_content_element vc_align_center\">\n\t\t<div class=\"wpb_wrapper\">\n\t\t\t\n\t\t\t<div class=\"vc_single_image-wrapper   vc_box_border_grey\"><img loading=\"lazy\" decoding=\"async\" width=\"31\" height=\"29\" src=\"https:\/\/lantigel.com\/wp-content\/uploads\/2018\/11\/Fichier-6.png\" class=\"vc_single_image-img attachment-full\" alt=\"pictograma de copo de nieve\" title=\"Archivo 6\" \/><\/div>\n\t\t<\/div>\n\t<\/div>\n<div class=\"vc_empty_space\"   style=\"height: 20px\"><span class=\"vc_empty_space_inner\"><\/span><\/div>\n\t<div class=\"wpb_text_column wpb_content_element  vc_custom_1542210250843\">\n\t\t<div class=\"wpb_wrapper\">\n\t\t\t<h2 style=\"text-align: center;\">LES GUSTO<\/h2>\n\n\t\t<\/div> \n\t<\/div> <div class=\"vc_empty_space\"   style=\"height: 20px\"><span class=\"vc_empty_space_inner\"><\/span><\/div>\n\t<div class=\"wpb_raw_code wpb_content_element wpb_raw_html\" >\n\t\t<div class=\"wpb_wrapper\">\n\t\t\t<div class=\"testimonials\">\n  <div class=\"section\">\n    <p>Un almuerzo anticongelante es eficaz para recargar las pilas despu\u00e9s de una ma\u00f1ana de esqu\u00ed. Una cocina rica en sabores y generosa le espera. Recomendamos esta parada en las pistas ... Pero accesible a los peatones porque el restaurante est\u00e1 cerca de la estaci\u00f3n.<\/p>\n    <h5 class=\"name\">Olivier P.<\/h5>\n  <\/div>\n  <div class=\"section\">\n    <p>Lugar imperdible en el resort. Establecimiento muy agradable, c\u00f3modo y espacioso pero lleno de gente alrededor del mediod\u00eda, \u00a1as\u00ed que es mejor reservar!<\/p>\n    <h5 class=\"name\">stephcz75<\/h5>\n  <\/div>\n  <div class=\"section\">\n    <p>Un ambiente t\u00edpico de monta\u00f1a y una cocina abundante y refinada, todo regado con buen humor y calidez por el equipo de este restaurante de monta\u00f1a.<\/p>\n    <h5 class=\"name\">Claire S<\/h5>\n  <\/div>\n<\/div>\n<script>\n  jQuery('.testimonials').slick({\n    slidesToShow: 1,\n    slidesToScroll: 1,\n    autoplay: true,\n    autoplaySpeed: 6000,\n    arrows: false,\n    dots:  true,\n    pauseOnHover: true,\n});\n<\/script>\n\t\t<\/div>\n\t<\/div>\n<div class=\"vc_empty_space\"   style=\"height: 100px\"><span class=\"vc_empty_space_inner\"><\/span><\/div><\/div><\/div><\/div><\/div><\/div><div     class=\"vc_row wpb_row section vc_row-fluid\" style=' text-align:center;'><div class=\"full_section_inner clearfix\"><div class=\"wpb_column vc_column_container vc_col-sm-12\"><div class=\"vc_column-inner\"><div class=\"wpb_wrapper\"><a href=\"https:\/\/www.covermanager.com\/reservation\/module_restaurant\/restaurant-lantigel\/french#\" target=\"_blank\"  class=\"qbutton  big_large_full_width\" style=\"color: #ffffff; font-weight: 800; font-size: 21px; background-color: #cd2040;\">LIBRO EN L\u00cdNEA<\/a><\/div><\/div><\/div><\/div><\/div>","protected":false},"excerpt":{"rendered":"RESERVA ONLINE BIENVENIDO A NUESTRO RESTAURANTE ALTITUD Productos frescos, cocina casera refinada, un equipo sonriente y din\u00e1mico a su servicio para ofrecerle un verdadero momento de placer. LOS JUEVES, ES MARCOTTI Nuestro dj residente Philippe Marcotti ambienta L&#039;Antigel todos los jueves...","protected":false},"author":4,"featured_media":0,"parent":0,"menu_order":0,"comment_status":"closed","ping_status":"closed","template":"full_width.php","meta":{"footnotes":""},"class_list":["post-22349","page","type-page","status-publish","hentry"],"_links":{"self":[{"href":"https:\/\/lantigel.com\/es\/wp-json\/wp\/v2\/pages\/22349"}],"collection":[{"href":"https:\/\/lantigel.com\/es\/wp-json\/wp\/v2\/pages"}],"about":[{"href":"https:\/\/lantigel.com\/es\/wp-json\/wp\/v2\/types\/page"}],"author":[{"embeddable":true,"href":"https:\/\/lantigel.com\/es\/wp-json\/wp\/v2\/users\/4"}],"replies":[{"embeddable":true,"href":"https:\/\/lantigel.com\/es\/wp-json\/wp\/v2\/comments?post=22349"}],"version-history":[{"count":18,"href":"https:\/\/lantigel.com\/es\/wp-json\/wp\/v2\/pages\/22349\/revisions"}],"predecessor-version":[{"id":24274,"href":"https:\/\/lantigel.com\/es\/wp-json\/wp\/v2\/pages\/22349\/revisions\/24274"}],"wp:attachment":[{"href":"https:\/\/lantigel.com\/es\/wp-json\/wp\/v2\/media?parent=22349"}],"curies":[{"name":"gracias","href":"https:\/\/api.w.org\/{rel}","templated":true}]}}