{"id":22362,"date":"2018-10-31T14:30:55","date_gmt":"2018-10-31T13:30:55","guid":{"rendered":"http:\/\/lantigel.com\/?page_id=22362"},"modified":"2025-12-19T09:51:37","modified_gmt":"2025-12-19T08:51:37","slug":"la-rosiere","status":"publish","type":"page","link":"https:\/\/lantigel.com\/es\/la-rosiere\/","title":{"rendered":"La Rosiere"},"content":{"rendered":"<div     class=\"vc_row wpb_row section vc_row-fluid\" style='background-color:#ffffff; text-align:left;'><div class=\"full_section_inner clearfix\"><div class=\"wpb_column vc_column_container vc_col-sm-12\"><div class=\"vc_column-inner vc_custom_1543849600832\"><div class=\"wpb_wrapper\"><div class=\"vc_empty_space\"   style=\"height: 100px\"><span class=\"vc_empty_space_inner\"><\/span><\/div>\n\t<div class=\"wpb_single_image wpb_content_element vc_align_center\">\n\t\t<div class=\"wpb_wrapper\">\n\t\t\t\n\t\t\t<div class=\"vc_single_image-wrapper   vc_box_border_grey\"><img loading=\"lazy\" decoding=\"async\" width=\"42\" height=\"42\" src=\"https:\/\/lantigel.com\/wp-content\/uploads\/2018\/11\/Fichier-11.png\" class=\"vc_single_image-img attachment-full\" alt=\"escama2\" title=\"Archivo 11\" \/><\/div>\n\t\t<\/div>\n\t<\/div>\n\n\t<div class=\"wpb_raw_code wpb_content_element wpb_raw_html\" >\n\t\t<div class=\"wpb_wrapper\">\n\t\t\t<div class=\"txt center\">\n    <img decoding=\"async\" src=\"\" alt=\"\">\n    <h2>El m\u00e1s italiano de los resorts franceses<\/h2>\n    <p>La zona de esqu\u00ed La Rosi\u00e8re - Espace San Bernardo es excepcional por su sol, nieve, accesibilidad y conexi\u00f3n con Italia. Este invierno, se extiende sobre el Mont Valaisan con 5 nuevas pistas y un pico a 2800 m sobre el nivel del mar.<\/p>\n<\/div>\n\t\t<\/div>\n\t<\/div>\n<\/div><\/div><\/div><\/div><\/div><section     data-speed=\"1\" class=\"parallax_section_holder\" style = \" height:px; background-image:url('https:\/\/lantigel.com\/wp-content\/uploads\/2018\/11\/LaRosiere_UnEspritAuthentique-e1558354451654.jpg');\"><div class=\"parallax_content center\"><div class='parallax_section_inner_margin clearfix'><div class=\"wpb_column vc_column_container vc_col-sm-12\"><div class=\"vc_column-inner\"><div class=\"wpb_wrapper\"><div     class=\"vc_row wpb_row vc_inner section vc_row-fluid\" style=' text-align:center;'><div class=\"full_section_inner clearfix\"><div class=\"element_from_fade\"><div style='transition-delay:500ms; -webkit-animation-delay:500ms; animation-delay:500ms;'><div class=\"wpb_column vc_column_container vc_col-sm-12\"><div class=\"vc_column-inner\"><div class=\"wpb_wrapper\"><div class='q_elements_holder one_column responsive_mode_from_768 alignment_one_column_center' ><div class='q_elements_item' style='vertical-align:middle;'><div class='q_elements_item_inner'><div class='q_elements_item_content q_elements_holder_custom_453352' style='padding:25.5% 26.5% 28% 26.5%'><style type=\"text\/css\" data-type=\"q_elements_custom_padding\" scoped>@media only screen and (min-width: 1280px) and (max-width: 1600px) { .q_elements_item_content.q_elements_holder_custom_453352{ padding: 12% 26.5% 12% 26.5% !important;}}@media only screen and (min-width: 1024px) and (max-width: 1280px) { .q_elements_item_content.q_elements_holder_custom_453352{ padding: 11% 26.5% 11% 26.5% !important;}}@media only screen and (min-width: 768px) and (max-width: 1024px) { .q_elements_item_content.q_elements_holder_custom_453352{ padding: 13% 22.5% 12% 22.5% !important;}}@media only screen and (min-width: 600px) and (max-width: 768px) { .q_elements_item_content.q_elements_holder_custom_453352{ padding: 16% 8.5% 19% 8.5% !important;}}@media only screen and (min-width: 480px) and (max-width: 600px) { .q_elements_item_content.q_elements_holder_custom_453352{ padding: 15% 5% 15% 5% !important;}}@media only screen and (max-width: 480px) { .q_elements_item_content.q_elements_holder_custom_453352{ padding: 15% 5% 15% 5% !important;}}<\/style>\n\t<div class=\"wpb_single_image wpb_content_element vc_align_center\">\n\t\t<div class=\"wpb_wrapper\">\n\t\t\t\n\t\t\t<div class=\"vc_single_image-wrapper   vc_box_border_grey\"><img loading=\"lazy\" decoding=\"async\" width=\"38\" height=\"31\" src=\"https:\/\/lantigel.com\/wp-content\/uploads\/2018\/11\/before-title-pito2-8.png\" class=\"vc_single_image-img attachment-full\" alt=\"picto monta\u00f1a\" title=\"antes-titulo-pito2-8\" \/><\/div>\n\t\t<\/div>\n\t<\/div>\n<div class=\"vc_empty_space\"   style=\"height: 25px\"><span class=\"vc_empty_space_inner\"><\/span><\/div>\n\t<div class=\"wpb_text_column wpb_content_element  larosiereh1\">\n\t\t<div class=\"wpb_wrapper\">\n\t\t\t<h1 style=\"text-align: center;\"><span style=\"color: #ffffff;\">UN ESP\u00cdRITU AUT\u00c9NTICO<\/span><\/h1>\n\n\t\t<\/div> \n\t<\/div> <div class=\"vc_empty_space\"   style=\"height: 14px\"><span class=\"vc_empty_space_inner\"><\/span><\/div>\n\t<div class=\"wpb_text_column wpb_content_element\">\n\t\t<div class=\"wpb_wrapper\">\n\t\t\t<h4 style=\"text-align: center;\"><span style=\"color: #ffffff;\">Una arquitectura de pueblo de monta\u00f1a conservada y controlada, acogedores chal\u00e9s de piedra y madera, cubiertos de lauze. La Rosi\u00e8re ofrece un incre\u00edble cambio de escenario marcado por la cultura y la gastronom\u00eda italiana y de Saboya.<\/span><\/h4>\n\n\t\t<\/div> \n\t<\/div> <div class=\"vc_empty_space\"   style=\"height: 33px\"><span class=\"vc_empty_space_inner\"><\/span><\/div><a href=\"https:\/\/www.larosiere.net\/\" target=\"_blank\"  class=\"qbutton  white\" style=\"\">M\u00e1s informaci\u00f3n<\/a><\/div><\/div><\/div><\/div><\/div><\/div><\/div><\/div><\/div><\/div><\/div><\/div><\/div><\/div><\/div><\/div><\/section><div     class=\"vc_row wpb_row section vc_row-fluid\" style=' text-align:left;'><div class=\"full_section_inner clearfix\"><div class=\"wpb_column vc_column_container vc_col-sm-12\"><div class=\"vc_column-inner\"><div class=\"wpb_wrapper\"><div class='q_elements_holder two_columns responsive_mode_from_768'  style='background-color:#ffffff'><div class='q_elements_item'><div class='q_elements_item_inner'><div class='q_elements_item_content q_elements_holder_custom_764636'>\n\t<div class=\"wpb_single_image wpb_content_element vc_align_center\">\n\t\t<div class=\"wpb_wrapper\">\n\t\t\t\n\t\t\t<div class=\"vc_single_image-wrapper   vc_box_border_grey\"><img loading=\"lazy\" decoding=\"async\" width=\"1336\" height=\"1191\" src=\"https:\/\/lantigel.com\/wp-content\/uploads\/2018\/12\/rosiereete-1.jpg\" class=\"vc_single_image-img attachment-full\" alt=\"rosal en verano\" title=\"jard\u00edn de rosas en verano\" \/><\/div>\n\t\t<\/div>\n\t<\/div>\n<\/div><\/div><\/div><div class='q_elements_item' style='vertical-align:middle;'><div class='q_elements_item_inner'><div class='q_elements_item_content q_elements_holder_custom_515174' style='padding:13% 22% 0% 22%'><style type=\"text\/css\" data-type=\"q_elements_custom_padding\" scoped>@media only screen and (min-width: 1280px) and (max-width: 1600px) { .q_elements_item_content.q_elements_holder_custom_515174{ padding: 13% 22% 0% 22% !important;}}@media only screen and (min-width: 1024px) and (max-width: 1280px) { .q_elements_item_content.q_elements_holder_custom_515174{ padding: 13% 22% 0% 22% !important;}}@media only screen and (min-width: 768px) and (max-width: 1024px) { .q_elements_item_content.q_elements_holder_custom_515174{ padding: 13% 22% 0% 22% !important;}}@media only screen and (min-width: 600px) and (max-width: 768px) { .q_elements_item_content.q_elements_holder_custom_515174{ padding: 8% 15% 0% 15% !important;}}@media only screen and (min-width: 480px) and (max-width: 600px) { .q_elements_item_content.q_elements_holder_custom_515174{ padding: 8% 15% 0% 15% !important;}}@media only screen and (max-width: 480px) { .q_elements_item_content.q_elements_holder_custom_515174{ padding: 8% 15% 0% 15% !important;}}<\/style>\n\t<div class=\"wpb_single_image wpb_content_element vc_align_center\">\n\t\t<div class=\"wpb_wrapper\">\n\t\t\t\n\t\t\t<div class=\"vc_single_image-wrapper   vc_box_border_grey\"><img loading=\"lazy\" decoding=\"async\" width=\"38\" height=\"36\" src=\"https:\/\/lantigel.com\/wp-content\/uploads\/2018\/11\/Fichier-12.png\" class=\"vc_single_image-img attachment-full\" alt=\"pictograma estrella\" title=\"Archivo 12\" \/><\/div>\n\t\t<\/div>\n\t<\/div>\n<div class=\"vc_empty_space\"   style=\"height: 20px\"><span class=\"vc_empty_space_inner\"><\/span><\/div>\n\t<div class=\"wpb_text_column wpb_content_element  vc_custom_1541147926616\">\n\t\t<div class=\"wpb_wrapper\">\n\t\t\t<h2 style=\"text-align: center;\">VERANO, COMO INVIERNO<\/h2>\n\n\t\t<\/div> \n\t<\/div> <div class=\"vc_empty_space\"   style=\"height: 20px\"><span class=\"vc_empty_space_inner\"><\/span><\/div>\n\t<div class=\"wpb_text_column wpb_content_element\">\n\t\t<div class=\"wpb_wrapper\">\n\t\t\t<h4 style=\"text-align: center;\" class=\"translation-block\"><span style=\"color: #363636\">Disfrute de las monta\u00f1as franco-italianas en verano llegando a<\/span> <span style=\"color: #363636\">Italia en menos de 10 minutos por carretera desde el Col du<\/span> <span style=\"color: #363636\">Petit Saint-Bernard. Disfrute de multitud de actividades y<\/span> <span style=\"color: #363636\">entretenimiento en un panorama grandioso ba\u00f1ado por el sol y contin\u00fae su viaje gastron\u00f3mico.<\/span><\/h4>\n\n\t\t<\/div> \n\t<\/div> <\/div><\/div><\/div><\/div><div class=\"vc_empty_space  vc_custom_1543851077600\"   style=\"height: 90px\"><span class=\"vc_empty_space_inner\"><\/span><\/div><\/div><\/div><\/div><\/div><\/div><div     class=\"vc_row wpb_row section vc_row-fluid vc_custom_1499681878069 grid_section\" style=' text-align:center;'><div class=\"section_inner clearfix\"><div class='section_inner_margin clearfix'><div class=\"wpb_column vc_column_container vc_col-sm-12 vc_col-lg-4 vc_col-md-4 vc_col-xs-12\"><div class=\"vc_column-inner\"><div class=\"wpb_wrapper\"><div class='q_elements_holder one_column responsive_mode_from_768' ><div class='q_elements_item' style='background-image: url(https:\/\/lantigel.com\/wp-content\/uploads\/2018\/11\/CTA_resto.jpg);background-position: center;background-repeat: no-repeat;background-size: cover;vertical-align:middle;'><div class='q_elements_item_inner'><div class='q_elements_item_content q_elements_holder_custom_192630' style='padding:29% 0%'><a href=\"\/es\/antigel\/restaurant\/\" target=\"_self\"  class=\"qbutton  white\" style=\"\">El restaurante<\/a><\/div><\/div><\/div><\/div><div class=\"vc_empty_space\"   style=\"height: 30px\"><span class=\"vc_empty_space_inner\"><\/span><\/div><\/div><\/div><\/div><div class=\"wpb_column vc_column_container vc_col-sm-12 vc_col-lg-4 vc_col-md-4 vc_col-xs-12\"><div class=\"vc_column-inner\"><div class=\"wpb_wrapper\"><div class='q_elements_holder one_column responsive_mode_from_768' ><div class='q_elements_item' style='background-image: url(https:\/\/lantigel.com\/wp-content\/uploads\/2018\/11\/CTA_snack.jpg);background-position: center;background-repeat: no-repeat;background-size: cover;vertical-align:middle;'><div class='q_elements_item_inner'><div class='q_elements_item_content q_elements_holder_custom_480695' style='padding:29% 0%'><a href=\"\/es\/antigel\/snack-bar\/\" target=\"_self\"  class=\"qbutton  white\" style=\"\">El snack bar<\/a><\/div><\/div><\/div><\/div><div class=\"vc_empty_space\"   style=\"height: 30px\"><span class=\"vc_empty_space_inner\"><\/span><\/div><\/div><\/div><\/div><div class=\"none wpb_column vc_column_container vc_col-sm-12 vc_col-lg-4 vc_col-md-4 vc_col-xs-12\"><div class=\"vc_column-inner\"><div class=\"wpb_wrapper\"><div class='q_elements_holder one_column responsive_mode_from_768' ><div class='q_elements_item' style='background-image: url(https:\/\/lantigel.com\/wp-content\/uploads\/2018\/11\/CTA\u00b0carte.jpg);background-position: center;background-repeat: no-repeat;background-size: cover;vertical-align:middle;'><div class='q_elements_item_inner'><div class='q_elements_item_content q_elements_holder_custom_363235' style='padding:29% 0%'><a href=\"https:\/\/lantigel.com\/es\/la-tarjeta\/\" target=\"_self\"  class=\"qbutton  white\" style=\"\">La tarjeta<\/a><\/div><\/div><\/div><\/div><div class=\"vc_empty_space\"   style=\"height: 30px\"><span class=\"vc_empty_space_inner\"><\/span><\/div><\/div><\/div><\/div><\/div><\/div><\/div>","protected":false},"excerpt":{"rendered":"La m\u00e1s italiana de las estaciones francesas El \u00e1rea de esqu\u00ed de La Rosi\u00e8re \u2013 Espace San Bernardo es excepcional por su sol, su capa de nieve, su accesibilidad y su conexi\u00f3n con Italia. Este invierno, se extiende sobre Mont Valaisan con 5 nuevas pistas y un...","protected":false},"author":4,"featured_media":0,"parent":0,"menu_order":0,"comment_status":"closed","ping_status":"closed","template":"full_width.php","meta":{"footnotes":""},"class_list":["post-22362","page","type-page","status-publish","hentry"],"_links":{"self":[{"href":"https:\/\/lantigel.com\/es\/wp-json\/wp\/v2\/pages\/22362"}],"collection":[{"href":"https:\/\/lantigel.com\/es\/wp-json\/wp\/v2\/pages"}],"about":[{"href":"https:\/\/lantigel.com\/es\/wp-json\/wp\/v2\/types\/page"}],"author":[{"embeddable":true,"href":"https:\/\/lantigel.com\/es\/wp-json\/wp\/v2\/users\/4"}],"replies":[{"embeddable":true,"href":"https:\/\/lantigel.com\/es\/wp-json\/wp\/v2\/comments?post=22362"}],"version-history":[{"count":9,"href":"https:\/\/lantigel.com\/es\/wp-json\/wp\/v2\/pages\/22362\/revisions"}],"predecessor-version":[{"id":24280,"href":"https:\/\/lantigel.com\/es\/wp-json\/wp\/v2\/pages\/22362\/revisions\/24280"}],"wp:attachment":[{"href":"https:\/\/lantigel.com\/es\/wp-json\/wp\/v2\/media?parent=22362"}],"curies":[{"name":"gracias","href":"https:\/\/api.w.org\/{rel}","templated":true}]}}