{"id":22661,"date":"2018-11-20T12:01:46","date_gmt":"2018-11-20T11:01:46","guid":{"rendered":"http:\/\/lantigel.com\/?page_id=22661"},"modified":"2021-08-31T13:43:12","modified_gmt":"2021-08-31T11:43:12","slug":"mentions-legales","status":"publish","type":"page","link":"https:\/\/lantigel.com\/es\/notas-legales\/","title":{"rendered":"Notas legales"},"content":{"rendered":"<div     class=\"vc_row wpb_row section vc_row-fluid vc_custom_1542712100681\" style=' text-align:left;'><div class=\"full_section_inner clearfix\"><div class=\"wpb_column vc_column_container vc_col-sm-12\"><div class=\"vc_column-inner\"><div class=\"wpb_wrapper\"><div class=\"vc_empty_space\"   style=\"height: 50px\"><span class=\"vc_empty_space_inner\"><\/span><\/div>\n\t<div class=\"wpb_text_column wpb_content_element\">\n\t\t<div class=\"wpb_wrapper\">\n\t\t\t<div>\n<p>&nbsp;<\/p>\n<h4>1. INFORMACI\u00d3N LEGAL<\/h4>\n<p>El editor del Sitio es la empresa MADISAN, L&#039;ANTIGEL, La oficina central de esta empresa se encuentra actualmente en La Rosiere - 73700 Montvalezan<br \/>\nN\u00famero de valor agregado: *********<br \/>\nDomicilio social: en Rosiere - 73700 Montvalezan<br \/>\nCorreo electr\u00f3nico: sandrine.noir@sfr.fr<br \/>\nDirectora de publicaci\u00f3n: Sandrine NOIR<\/p>\n<h4>2. ALOJAMIENTO DEL SITIO<\/h4>\n<p>El sitio web antigel.com est\u00e1 alojado por OVH, SAS con un capital de 10.000.000 euros, registrado en el RCS de Roubaix-Tourcoing con el n\u00famero 424 761 419 00045. Sede principal: 2 rue Kellerman 59100 Roubaix Francia<\/p>\n<h4>3. DERECHOS DE PROPIEDAD INTELECTUAL<\/h4>\n<p>El Sitio y todo su contenido (en particular las marcas comerciales, logotipos, cualquier elemento gr\u00e1fico, textual y de TI del Sitio, incluidas en particular las estructuras de \u00e1rbol, formato, art\u00edculos, presentaciones, ilustraciones, fotograf\u00edas y \/ o cualquier otro documento) son protegido por las leyes francesas e internacionales de derechos de autor y propiedad intelectual. No se puede hacer ninguna interpretaci\u00f3n a favor de una licencia de usuario o cualquier derecho de uso de estos elementos. Por tanto, quedan prohibidas sus representaciones, reproducciones, superposiciones, retransmisiones y reposiciones, parciales o totales (art\u00edculo L. 122-4 del C\u00f3digo de la Propiedad Intelectual). Quien lo haga sin poder justificar una autorizaci\u00f3n previa y expresa del titular de estos derechos incurre en las sanciones correspondientes al delito de falsificaci\u00f3n (art\u00edculos L. 335-2 y siguientes del C\u00f3digo de la Propiedad Intelectual). MADISAN podr\u00e1 hacer valer sus derechos, en particular los derechos de propiedad intelectual, para iniciar procedimientos, en particular procesos penales. MADISAN se reserva el derecho de mejorar o modificar la informaci\u00f3n, productos, programas o condiciones de uso descritos en el Sitio en cualquier momento, sin incurrir en responsabilidad alguna por ello. Las condiciones y avisos aplicables ser\u00e1n los vigentes en la fecha de su conexi\u00f3n al Sitio.<\/p>\n<h4>4. ENLACES DE HIPERTEXTO<\/h4>\n<p>El usuario que ser\u00eda redirigido a un sitio de terceros a trav\u00e9s de un enlace de hipertexto establecido en la direcci\u00f3n de otros sitios reconoce que MADISAN no tiene control sobre el contenido, informaci\u00f3n, productos y servicios ofrecidos en estos sitios. En consecuencia, MADISAN no se hace responsable en ning\u00fan caso de los da\u00f1os directos o indirectos que resulten del uso de sitios accesibles a trav\u00e9s de enlaces de hipertexto. MADISAN tampoco es responsable de los enlaces de hipertexto que apuntan al Sitio. Cualquiera que desee establecer enlaces de hipertexto que apunten al Sitio debe obtener la autorizaci\u00f3n previa por escrito de MADISAN.<\/p>\n<h4>5. LIMITACI\u00d3N DE GARANT\u00cdAS<\/h4>\n<p>MADISAN recuerda a los internautas las caracter\u00edsticas y l\u00edmites de la red de Internet. MADISAN no se hace responsable de los da\u00f1os derivados del acceso al Sitio o, por el contrario, de la imposibilidad de acceder al mismo. MADISAN no se hace responsable en ning\u00fan caso en caso de que el Sitio no est\u00e9 disponible, por cualquier motivo (aver\u00eda t\u00e9cnica, congesti\u00f3n de la red, etc.). El usuario admite expresamente utilizar el Sitio por su cuenta y riesgo y bajo su exclusiva responsabilidad. MADISAN no se hace responsable de los da\u00f1os, directos o indirectos, materiales o inmateriales que se causen a los usuarios, a sus equipos inform\u00e1ticos o de telecomunicaciones, a los datos all\u00ed almacenados y a las consecuencias que de ellos pudieran derivarse en su actividad personal, profesional o comercial. La informaci\u00f3n en el Sitio se proporciona solo a t\u00edtulo informativo. La informaci\u00f3n publicada en este Sitio se actualiza y verifica peri\u00f3dicamente, pero a\u00fan puede contener errores. En cualquier caso, la informaci\u00f3n debe tenerse en cuenta cuando se pone en l\u00ednea y no cuando consulta el Sitio (estos datos pueden haber sido actualizados entre el momento en que lo descarg\u00f3 y el momento en que lo ley\u00f3). En cualquier caso, MADISAN no se hace responsable de esta informaci\u00f3n.<\/p>\n<h4>6. MARCAS<\/h4>\n<p>Todas las marcas mencionadas, en particular MADISAN, son marcas registradas. Todos los derechos reservados copyright \u00a9 - 2018 - MADISAN.<\/p>\n<h4>7. USO DEL SITIO<\/h4>\n<p>MADISAN ofrece el Sitio principalmente para el uso de sus clientes y cualquier persona que desee conocer sus servicios. Cuando se conecta al Sitio: - acepta cumplir con estos avisos, as\u00ed como, de manera m\u00e1s general, las leyes aplicables, - se abstiene de cualquier recopilaci\u00f3n o uso indebido, en particular de la informaci\u00f3n personal a la que podr\u00eda acceder y, en general, , cualquier acto susceptible de da\u00f1ar a terceros. Cuando completa un formulario y proporciona informaci\u00f3n, acepta: - proporcionar informaci\u00f3n real, exacta y actualizada en el momento de la entrada y, en particular, no utilizar nombres, cualidades o direcciones falsos, ni siquiera nombres, cualidades o direcciones sin estar autorizado para ello, - mantener actualizados los datos de registro para garantizar en todo momento su naturaleza real y exacta, - no poner a disposici\u00f3n ni distribuir informaci\u00f3n, programas o elementos il\u00edcitos, reprobables o incluso nocivos (como virus, pirater\u00eda o copia de software). - No difundir comentarios, opiniones o informaciones de car\u00e1cter difamatorio, obsceno, violento, racista y en general que contravengan las leyes y reglamentos vigentes, los derechos de las personas y las buenas costumbres. En caso de infracci\u00f3n de estas disposiciones, MADISAN se reserva el derecho a denegarle el acceso al Sitio oa los servicios ofrecidos, por su exclusiva culpa, sin perjuicio de cualquier acci\u00f3n de responsabilidad.<\/p>\n<p>&nbsp;<\/p>\n<p>\u00a9 2018 gracias creativo<\/p>\n<\/div>\n\n\t\t<\/div> \n\t<\/div> <div class=\"vc_empty_space\"   style=\"height: 50px\"><span class=\"vc_empty_space_inner\"><\/span><\/div><\/div><\/div><\/div><\/div><\/div>","protected":false},"excerpt":{"rendered":"&nbsp; 1. INFORMACI\u00d3N LEGAL El editor del Sitio es la empresa MADISAN, L&#039;ANTIGEL, La sede de esta empresa se encuentra actualmente en La Rosiere - 73700 Montvalezan CIF: ********* Sede social: a Rosiere - 73700 Montvalezan Correo electr\u00f3nico: sandrine.noir@sfr.fr Directora de la publicaci\u00f3n: Sandrine NOIR 2. ALOJAMIENTO...","protected":false},"author":4,"featured_media":0,"parent":0,"menu_order":0,"comment_status":"closed","ping_status":"closed","template":"full_width.php","meta":{"footnotes":""},"class_list":["post-22661","page","type-page","status-publish","hentry"],"_links":{"self":[{"href":"https:\/\/lantigel.com\/es\/wp-json\/wp\/v2\/pages\/22661"}],"collection":[{"href":"https:\/\/lantigel.com\/es\/wp-json\/wp\/v2\/pages"}],"about":[{"href":"https:\/\/lantigel.com\/es\/wp-json\/wp\/v2\/types\/page"}],"author":[{"embeddable":true,"href":"https:\/\/lantigel.com\/es\/wp-json\/wp\/v2\/users\/4"}],"replies":[{"embeddable":true,"href":"https:\/\/lantigel.com\/es\/wp-json\/wp\/v2\/comments?post=22661"}],"version-history":[{"count":6,"href":"https:\/\/lantigel.com\/es\/wp-json\/wp\/v2\/pages\/22661\/revisions"}],"predecessor-version":[{"id":24050,"href":"https:\/\/lantigel.com\/es\/wp-json\/wp\/v2\/pages\/22661\/revisions\/24050"}],"wp:attachment":[{"href":"https:\/\/lantigel.com\/es\/wp-json\/wp\/v2\/media?parent=22661"}],"curies":[{"name":"gracias","href":"https:\/\/api.w.org\/{rel}","templated":true}]}}