{"id":245,"date":"2017-06-27T13:11:33","date_gmt":"2017-06-27T13:11:33","guid":{"rendered":"http:\/\/stockholm23.select-themes.com\/?page_id=245"},"modified":"2025-11-10T18:10:42","modified_gmt":"2025-11-10T17:10:42","slug":"home-2","status":"publish","type":"page","link":"https:\/\/lantigel.com\/es\/","title":{"rendered":"bienvenida"},"content":{"rendered":"<div     class=\"vc_row wpb_row section vc_row-fluid\" style=' text-align:center;'><div class=\"full_section_inner clearfix\"><div class=\"wpb_column vc_column_container vc_col-sm-12\"><div class=\"vc_column-inner\"><div class=\"wpb_wrapper\"><a href=\"https:\/\/www.covermanager.com\/reservation\/module_restaurant\/restaurant-lantigel\/french#\" target=\"_blank\"  class=\"qbutton  big_large_full_width\" style=\"color: #ffffff; font-weight: 800; font-size: 21px; background-color: #cd2040;\">LIBRO EN L\u00cdNEA<\/a><\/div><\/div><\/div><\/div><\/div><div     class=\"vc_row wpb_row section vc_row-fluid vc_custom_1541156687490\" style=' text-align:center;'><div class=\"full_section_inner clearfix\"><div class=\"txt-content wpb_column vc_column_container vc_col-sm-12 vc_col-lg-6 vc_col-md-12 vc_col-xs-12\"><div class=\"vc_column-inner\"><div class=\"wpb_wrapper\"><div class='q_elements_holder one_column responsive_mode_from_768' ><div class='q_elements_item'><div class='q_elements_item_inner'><div class='q_elements_item_content q_elements_holder_custom_457221' style='padding:23% 6% 0% 24%'><style type=\"text\/css\" data-type=\"q_elements_custom_padding\" scoped>@media only screen and (min-width: 1280px) and (max-width: 1600px) { .q_elements_item_content.q_elements_holder_custom_457221{ padding: 23% 6% 0% 24% !important;}}@media only screen and (min-width: 1024px) and (max-width: 1280px) { .q_elements_item_content.q_elements_holder_custom_457221{ padding: 23% 6% 0% 24% !important;}}<\/style>\n\t<div class=\"wpb_single_image wpb_content_element vc_align_center\">\n\t\t<div class=\"wpb_wrapper\">\n\t\t\t\n\t\t\t<div class=\"vc_single_image-wrapper   vc_box_border_grey\"><img loading=\"lazy\" decoding=\"async\" width=\"51\" height=\"25\" src=\"https:\/\/lantigel.com\/wp-content\/uploads\/2018\/11\/before-title-pito1-8.png\" class=\"vc_single_image-img attachment-full\" alt=\"\" title=\"antes-titulo-pito1-8\" \/><\/div>\n\t\t<\/div>\n\t<\/div>\n<div class=\"vc_empty_space\"   style=\"height: 20px\"><span class=\"vc_empty_space_inner\"><\/span><\/div>\n\t<div class=\"wpb_text_column wpb_content_element  vc_custom_1540995021032\">\n\t\t<div class=\"wpb_wrapper\">\n\t\t\t<h2>ALT. 2000 M<\/h2>\n\n\t\t<\/div> \n\t<\/div> <div class=\"vc_empty_space\"   style=\"height: 20px\"><span class=\"vc_empty_space_inner\"><\/span><\/div>\n\t<div class=\"wpb_text_column wpb_content_element\">\n\t\t<div class=\"wpb_wrapper\">\n\t\t\t<h4>L\u2019Antigel, un chalet de piedra y madera dise\u00f1ado y construido respetando la tradici\u00f3n por dos ni\u00f1os locales, te ofrece ambientes para todos los gustos: esquiar para disfrutar de la puesta de sol...<\/h4>\n\n\t\t<\/div> \n\t<\/div> <\/div><\/div><\/div><\/div><\/div><\/div><\/div><div class=\"img-content wpb_column vc_column_container vc_col-sm-12 vc_col-lg-6 vc_col-md-12 vc_col-xs-12\"><div class=\"vc_column-inner\"><div class=\"wpb_wrapper\"><div class='q_elements_holder one_column responsive_mode_from_768' ><div class='q_elements_item'><div class='q_elements_item_inner'><div class='q_elements_item_content q_elements_holder_custom_535096' style='padding:15% 15% 15% 15%'><style type=\"text\/css\" data-type=\"q_elements_custom_padding\" scoped>@media only screen and (min-width: 1280px) and (max-width: 1600px) { .q_elements_item_content.q_elements_holder_custom_535096{ padding: 15% 15% 15% 15% !important;}}@media only screen and (min-width: 1024px) and (max-width: 1280px) { .q_elements_item_content.q_elements_holder_custom_535096{ padding: 15% 15% 15% 15% !important;}}<\/style>\n\t<div class=\"wpb_single_image wpb_content_element vc_align_center   bulle1\">\n\t\t<div class=\"wpb_wrapper\">\n\t\t\t\n\t\t\t<div class=\"vc_single_image-wrapper   vc_box_border_grey\"><img loading=\"lazy\" decoding=\"async\" width=\"915\" height=\"915\" src=\"https:\/\/lantigel.com\/wp-content\/uploads\/2025\/09\/ASSIETTE.png\" class=\"vc_single_image-img attachment-full\" alt=\"\" title=\"L\u00c1MINA\" srcset=\"https:\/\/lantigel.com\/wp-content\/uploads\/2025\/09\/ASSIETTE.png 915w, https:\/\/lantigel.com\/wp-content\/uploads\/2025\/09\/ASSIETTE-300x300.png 300w, https:\/\/lantigel.com\/wp-content\/uploads\/2025\/09\/ASSIETTE-150x150.png 150w, https:\/\/lantigel.com\/wp-content\/uploads\/2025\/09\/ASSIETTE-768x768.png 768w, https:\/\/lantigel.com\/wp-content\/uploads\/2025\/09\/ASSIETTE-12x12.png 12w, https:\/\/lantigel.com\/wp-content\/uploads\/2025\/09\/ASSIETTE-550x550.png 550w, https:\/\/lantigel.com\/wp-content\/uploads\/2025\/09\/ASSIETTE-500x500.png 500w, https:\/\/lantigel.com\/wp-content\/uploads\/2025\/09\/ASSIETTE-700x700.png 700w\" sizes=\"(max-width: 915px) 100vw, 915px\" \/><\/div>\n\t\t<\/div>\n\t<\/div>\n<\/div><\/div><\/div><\/div><\/div><\/div><\/div><\/div><\/div><section     data-speed=\"1\" class=\"parallax_section_holder\" style = \" height:px; background-image:url('https:\/\/lantigel.com\/wp-content\/uploads\/2025\/09\/Sans-titre-22.jpg');\"><div class=\"parallax_content center\"><div class='parallax_section_inner_margin clearfix'><div class=\"wpb_column vc_column_container vc_col-sm-12\"><div class=\"vc_column-inner\"><div class=\"wpb_wrapper\"><div     class=\"vc_row wpb_row vc_inner section vc_row-fluid\" style=' text-align:center;'><div class=\"full_section_inner clearfix\"><div class=\"element_from_fade\"><div style='transition-delay:500ms; -webkit-animation-delay:500ms; animation-delay:500ms;'><div class=\"wpb_column vc_column_container vc_col-sm-12\"><div class=\"vc_column-inner\"><div class=\"wpb_wrapper\"><div class='q_elements_holder one_column responsive_mode_from_768 alignment_one_column_center' ><div class='q_elements_item' style='vertical-align:middle;'><div class='q_elements_item_inner'><div class='q_elements_item_content q_elements_holder_custom_727679' style='padding:25.5% 22% 28% 22%'><style type=\"text\/css\" data-type=\"q_elements_custom_padding\" scoped>@media only screen and (min-width: 1280px) and (max-width: 1600px) { .q_elements_item_content.q_elements_holder_custom_727679{ padding: 12% 26.5% 12% 26.5% !important;}}@media only screen and (min-width: 1024px) and (max-width: 1280px) { .q_elements_item_content.q_elements_holder_custom_727679{ padding: 11% 26.5% 11% 26.5% !important;}}@media only screen and (min-width: 768px) and (max-width: 1024px) { .q_elements_item_content.q_elements_holder_custom_727679{ padding: 13% 22.5% 12% 22.5% !important;}}@media only screen and (min-width: 600px) and (max-width: 768px) { .q_elements_item_content.q_elements_holder_custom_727679{ padding: 16% 8.5% 19% 8.5% !important;}}@media only screen and (min-width: 480px) and (max-width: 600px) { .q_elements_item_content.q_elements_holder_custom_727679{ padding: 15% 5% 15% 5% !important;}}@media only screen and (max-width: 480px) { .q_elements_item_content.q_elements_holder_custom_727679{ padding: 15% 5% 15% 5% !important;}}<\/style>\n\t<div class=\"wpb_single_image wpb_content_element vc_align_center\">\n\t\t<div class=\"wpb_wrapper\">\n\t\t\t\n\t\t\t<div class=\"vc_single_image-wrapper   vc_box_border_grey\"><img loading=\"lazy\" decoding=\"async\" width=\"38\" height=\"31\" src=\"https:\/\/lantigel.com\/wp-content\/uploads\/2018\/11\/before-title-pito2-8.png\" class=\"vc_single_image-img attachment-full\" alt=\"picto monta\u00f1a\" title=\"antes-titulo-pito2-8\" \/><\/div>\n\t\t<\/div>\n\t<\/div>\n<div class=\"vc_empty_space\"   style=\"height: 25px\"><span class=\"vc_empty_space_inner\"><\/span><\/div>\n\t<div class=\"wpb_text_column wpb_content_element\">\n\t\t<div class=\"wpb_wrapper\">\n\t\t\t<h2 style=\"text-align: center;\" class=\"translation-block\"><span style=\"color: #ffffff\">UNA COCINA<\/span><br> <span style=\"color: #ffffff\">GOURMET Y GENEROSO<\/span><\/h2>\n\n\t\t<\/div> \n\t<\/div> <div class=\"vc_empty_space\"   style=\"height: 14px\"><span class=\"vc_empty_space_inner\"><\/span><\/div>\n\t<div class=\"wpb_text_column wpb_content_element\">\n\t\t<div class=\"wpb_wrapper\">\n\t\t\t<h4 style=\"text-align: center;\"><span style=\"color: #ffffff;\">\u00a1Prueba buenas comidas caseras! El Antigel combina un aut\u00e9ntico saber hacer y una selecci\u00f3n de productos frescos de temporada para deleitar el paladar.<\/span><\/h4>\n\n\t\t<\/div> \n\t<\/div> <div class=\"vc_empty_space\"   style=\"height: 33px\"><span class=\"vc_empty_space_inner\"><\/span><\/div><a href=\"https:\/\/lantigel.com\/es\/restaurante\/\" target=\"_self\"  class=\"qbutton  white\" style=\"margin: 0px 5px; \">El restaurante<\/a><\/div><\/div><\/div><\/div><\/div><\/div><\/div><\/div><\/div><\/div><\/div><\/div><\/div><\/div><\/div><\/div><\/section><div     class=\"vc_row wpb_row section vc_row-fluid vc_custom_1541156736399\" style=' text-align:left;'><div class=\"full_section_inner clearfix\"><div class=\"wpb_column vc_column_container vc_col-sm-12\"><div class=\"vc_column-inner\"><div class=\"wpb_wrapper\"><div class='q_elements_holder two_columns responsive_mode_from_768' ><div class='q_elements_item'><div class='q_elements_item_inner'><div class='q_elements_item_content q_elements_holder_custom_952464'>\n\t<div class=\"wpb_single_image wpb_content_element vc_align_center   img-full\">\n\t\t<div class=\"wpb_wrapper\">\n\t\t\t\n\t\t\t<div class=\"vc_single_image-wrapper   vc_box_border_grey\"><img loading=\"lazy\" decoding=\"async\" width=\"799\" height=\"712\" src=\"https:\/\/lantigel.com\/wp-content\/uploads\/2025\/09\/relax.jpg\" class=\"vc_single_image-img attachment-full\" alt=\"\" title=\"relajarse\" srcset=\"https:\/\/lantigel.com\/wp-content\/uploads\/2025\/09\/relax.jpg 799w, https:\/\/lantigel.com\/wp-content\/uploads\/2025\/09\/relax-300x267.jpg 300w, https:\/\/lantigel.com\/wp-content\/uploads\/2025\/09\/relax-768x684.jpg 768w, https:\/\/lantigel.com\/wp-content\/uploads\/2025\/09\/relax-13x12.jpg 13w, https:\/\/lantigel.com\/wp-content\/uploads\/2025\/09\/relax-700x624.jpg 700w, https:\/\/lantigel.com\/wp-content\/uploads\/2025\/09\/relax-125x112.jpg 125w\" sizes=\"(max-width: 799px) 100vw, 799px\" \/><\/div>\n\t\t<\/div>\n\t<\/div>\n<\/div><\/div><\/div><div class='q_elements_item' style='vertical-align:middle;'><div class='q_elements_item_inner'><div class='q_elements_item_content q_elements_holder_custom_898895' style='padding:13% 22% 0% 22%'><style type=\"text\/css\" data-type=\"q_elements_custom_padding\" scoped>@media only screen and (min-width: 1280px) and (max-width: 1600px) { .q_elements_item_content.q_elements_holder_custom_898895{ padding: 13% 22% 0% 22% !important;}}@media only screen and (min-width: 1024px) and (max-width: 1280px) { .q_elements_item_content.q_elements_holder_custom_898895{ padding: 13% 22% 0% 22% !important;}}@media only screen and (min-width: 768px) and (max-width: 1024px) { .q_elements_item_content.q_elements_holder_custom_898895{ padding: 13% 22% 0% 22% !important;}}@media only screen and (min-width: 600px) and (max-width: 768px) { .q_elements_item_content.q_elements_holder_custom_898895{ padding: 8% 15% 0% 15% !important;}}@media only screen and (min-width: 480px) and (max-width: 600px) { .q_elements_item_content.q_elements_holder_custom_898895{ padding: 8% 15% 0% 15% !important;}}@media only screen and (max-width: 480px) { .q_elements_item_content.q_elements_holder_custom_898895{ padding: 8% 15% 0% 15% !important;}}<\/style>\n\t<div class=\"wpb_single_image wpb_content_element vc_align_center\">\n\t\t<div class=\"wpb_wrapper\">\n\t\t\t\n\t\t\t<div class=\"vc_single_image-wrapper   vc_box_border_grey\"><img loading=\"lazy\" decoding=\"async\" width=\"47\" height=\"23\" src=\"https:\/\/lantigel.com\/wp-content\/uploads\/2018\/11\/before-title-pito3-8.png\" class=\"vc_single_image-img attachment-full\" alt=\"hoja2\" title=\"antes-titulo-pito3-8\" \/><\/div>\n\t\t<\/div>\n\t<\/div>\n<div class=\"vc_empty_space\"   style=\"height: 20px\"><span class=\"vc_empty_space_inner\"><\/span><\/div>\n\t<div class=\"wpb_text_column wpb_content_element  vc_custom_1540996561771\">\n\t\t<div class=\"wpb_wrapper\">\n\t\t\t<h2 style=\"text-align: center;\">UN MOMENTO DE RELAJACI\u00d3N EN EL BAR DE APERITIVO<\/h2>\n\n\t\t<\/div> \n\t<\/div> <div class=\"vc_empty_space\"   style=\"height: 20px\"><span class=\"vc_empty_space_inner\"><\/span><\/div>\n\t<div class=\"wpb_text_column wpb_content_element\">\n\t\t<div class=\"wpb_wrapper\">\n\t\t\t<h4 style=\"text-align: center;\">\u00bfTienes prisa por volver a las pistas de La Rosi\u00e8re - Espace San Bernardo o simplemente quieres disfrutar de nuestra terraza orientada al sur en la ladera del sol? Bienvenido al Club D\u00e9gel, el snack bar de L&#039;Antigel.<\/h4>\n\n\t\t<\/div> \n\t<\/div> <div class=\"vc_empty_space\"   style=\"height: 33px\"><span class=\"vc_empty_space_inner\"><\/span><\/div><a href=\"https:\/\/lantigel.com\/es\/bar\/\" target=\"_self\"  class=\"qbutton\" style=\"\">El snack bar<\/a><\/div><\/div><\/div><\/div><\/div><\/div><\/div><\/div><\/div><div     class=\"vc_row wpb_row section vc_row-fluid vc_custom_1541156752575\" style=' text-align:center;'><div class=\"full_section_inner clearfix\"><div class=\"txt-content spe2 wpb_column vc_column_container vc_col-sm-12 vc_col-lg-6 vc_col-md-12 vc_col-xs-12\"><div class=\"vc_column-inner\"><div class=\"wpb_wrapper\"><div class='q_elements_holder one_column responsive_mode_from_768' ><div class='q_elements_item'><div class='q_elements_item_inner'><div class='q_elements_item_content q_elements_holder_custom_853753' style='padding:13% 6% 13% 24%'><style type=\"text\/css\" data-type=\"q_elements_custom_padding\" scoped>@media only screen and (min-width: 1280px) and (max-width: 1600px) { .q_elements_item_content.q_elements_holder_custom_853753{ padding: 13% 6% 13% 24% !important;}}@media only screen and (min-width: 1024px) and (max-width: 1280px) { .q_elements_item_content.q_elements_holder_custom_853753{ padding: 13% 6% 13% 24% !important;}}<\/style>\n\t<div class=\"wpb_single_image wpb_content_element vc_align_center\">\n\t\t<div class=\"wpb_wrapper\">\n\t\t\t\n\t\t\t<div class=\"vc_single_image-wrapper   vc_box_border_grey\"><img loading=\"lazy\" decoding=\"async\" width=\"24\" height=\"23\" src=\"https:\/\/lantigel.com\/wp-content\/uploads\/2018\/11\/before-title-pito4-8.png\" class=\"vc_single_image-img attachment-full\" alt=\"estrella\" title=\"antes-titulo-pito4-8\" \/><\/div>\n\t\t<\/div>\n\t<\/div>\n<div class=\"vc_empty_space\"   style=\"height: 20px\"><span class=\"vc_empty_space_inner\"><\/span><\/div>\n\t<div class=\"wpb_text_column wpb_content_element  vc_custom_1638349292073\">\n\t\t<div class=\"wpb_wrapper\">\n\t\t\t<h2>NUESTRO ENFOQUE ECO-RESPONSABLE<\/h2>\n\n\t\t<\/div> \n\t<\/div> <div class=\"vc_empty_space\"   style=\"height: 20px\"><span class=\"vc_empty_space_inner\"><\/span><\/div>\n\t<div class=\"wpb_text_column wpb_content_element\">\n\t\t<div class=\"wpb_wrapper\">\n\t\t\t<h4>Dado que el agua es un recurso esencial y queremos preservar el medio ambiente para nuestros hijos, hemos optado por servirle agua sin gas y con gas de alta calidad que ha sido microfiltrada.<\/h4>\n<h4>Instalado dentro de nuestro establecimiento, este dispositivo optimiza el agua de la red limitando al mismo tiempo el consumo de hidrocarburos para el transporte y embalaje, as\u00ed como los residuos.<\/h4>\n<h4>Sin embargo, si no desea agua 0 km, le serviremos un agua mineral de su elecci\u00f3n.<\/h4>\n\n\t\t<\/div> \n\t<\/div> <div class=\"vc_empty_space\"   style=\"height: 43px\"><span class=\"vc_empty_space_inner\"><\/span><\/div><a href=\"https:\/\/www.aquachiara.com\/fr\/\" target=\"_blank\"  class=\"qbutton\" style=\"\">M\u00e1s informaci\u00f3n<\/a><\/div><\/div><\/div><\/div><\/div><\/div><\/div><div class=\"img-content wpb_column vc_column_container vc_col-sm-12 vc_col-lg-6 vc_col-md-12 vc_col-xs-12\"><div class=\"vc_column-inner\"><div class=\"wpb_wrapper\"><div class='q_elements_holder one_column responsive_mode_from_768' ><div class='q_elements_item'><div class='q_elements_item_inner'><div class='q_elements_item_content q_elements_holder_custom_899689' style='padding:15% 15% 15% 15%'><style type=\"text\/css\" data-type=\"q_elements_custom_padding\" scoped>@media only screen and (min-width: 1280px) and (max-width: 1600px) { .q_elements_item_content.q_elements_holder_custom_899689{ padding: 15% 15% 15% 15% !important;}}@media only screen and (min-width: 1024px) and (max-width: 1280px) { .q_elements_item_content.q_elements_holder_custom_899689{ padding: 15% 15% 15% 15% !important;}}<\/style>\n\t<div class=\"wpb_single_image wpb_content_element vc_align_center   bulle2\">\n\t\t<div class=\"wpb_wrapper\">\n\t\t\t\n\t\t\t<div class=\"vc_single_image-wrapper   vc_box_border_grey\"><img loading=\"lazy\" decoding=\"async\" class=\"vc_single_image-img\" src=\"https:\/\/lantigel.com\/wp-content\/uploads\/2021\/12\/AQUA-CHIARA.png\" width=\"443\" height=\"443\" alt=\"AQUA-CHIARA\" title=\"AQUA-CHIARA\" \/><\/div>\n\t\t<\/div>\n\t<\/div>\n<\/div><\/div><\/div><\/div><\/div><\/div><\/div><\/div><\/div><div     class=\"vc_row wpb_row section vc_row-fluid\" style=' text-align:left;'><div class=\"full_section_inner clearfix\"><div class=\"wpb_column vc_column_container vc_col-sm-12\"><div class=\"vc_column-inner\"><div class=\"wpb_wrapper\">\n\t<div class=\"wpb_raw_code wpb_content_element wpb_raw_html\" >\n\t\t<div class=\"wpb_wrapper\">\n\t\t\t<div class=\"notation\">\n  <a href=\"http:\/\/search.google.com\/local\/writereview?placeid=ChIJ81EfYUppiUcRrorpuIuLv1k\" target=\"_blank\">\n    <div class=\"img\">\n      <img decoding=\"async\" src=\"https:\/\/lantigel.com\/wp-content\/uploads\/2020\/05\/star.svg\" alt=\"\">\n    <\/div>\n  <\/a>\n<\/div>\n\t\t<\/div>\n\t<\/div>\n<\/div><\/div><\/div><\/div><\/div>","protected":false},"excerpt":{"rendered":"RESERVA ONLINE ALT. 2000 M L&#039;Antigel, un chalet de piedra y madera dise\u00f1ado y construido con respeto por la tradici\u00f3n por dos ni\u00f1os de la zona, te ofrece ambientes para cada deseo: ir en esqu\u00eds para disfrutar de la puesta de sol... UNA COCINA...","protected":false},"author":4,"featured_media":0,"parent":0,"menu_order":0,"comment_status":"closed","ping_status":"closed","template":"full_width.php","meta":{"footnotes":""},"class_list":["post-245","page","type-page","status-publish","hentry"],"_links":{"self":[{"href":"https:\/\/lantigel.com\/es\/wp-json\/wp\/v2\/pages\/245"}],"collection":[{"href":"https:\/\/lantigel.com\/es\/wp-json\/wp\/v2\/pages"}],"about":[{"href":"https:\/\/lantigel.com\/es\/wp-json\/wp\/v2\/types\/page"}],"author":[{"embeddable":true,"href":"https:\/\/lantigel.com\/es\/wp-json\/wp\/v2\/users\/4"}],"replies":[{"embeddable":true,"href":"https:\/\/lantigel.com\/es\/wp-json\/wp\/v2\/comments?post=245"}],"version-history":[{"count":38,"href":"https:\/\/lantigel.com\/es\/wp-json\/wp\/v2\/pages\/245\/revisions"}],"predecessor-version":[{"id":24273,"href":"https:\/\/lantigel.com\/es\/wp-json\/wp\/v2\/pages\/245\/revisions\/24273"}],"wp:attachment":[{"href":"https:\/\/lantigel.com\/es\/wp-json\/wp\/v2\/media?parent=245"}],"curies":[{"name":"gracias","href":"https:\/\/api.w.org\/{rel}","templated":true}]}}