{"id":22362,"date":"2018-10-31T14:30:55","date_gmt":"2018-10-31T13:30:55","guid":{"rendered":"http:\/\/lantigel.com\/?page_id=22362"},"modified":"2025-12-19T09:51:37","modified_gmt":"2025-12-19T08:51:37","slug":"la-rosiere","status":"publish","type":"page","link":"https:\/\/lantigel.com\/it\/la-rosiere\/","title":{"rendered":"La Rosi\u00e8re"},"content":{"rendered":"<div     class=\"vc_row wpb_row section vc_row-fluid\" style='background-color:#ffffff; text-align:left;'><div class=\"full_section_inner clearfix\"><div class=\"wpb_column vc_column_container vc_col-sm-12\"><div class=\"vc_column-inner vc_custom_1543849600832\"><div class=\"wpb_wrapper\"><div class=\"vc_empty_space\"   style=\"height: 100px\"><span class=\"vc_empty_space_inner\"><\/span><\/div>\n\t<div class=\"wpb_single_image wpb_content_element vc_align_center\">\n\t\t<div class=\"wpb_wrapper\">\n\t\t\t\n\t\t\t<div class=\"vc_single_image-wrapper   vc_box_border_grey\"><img loading=\"lazy\" decoding=\"async\" width=\"42\" height=\"42\" src=\"https:\/\/lantigel.com\/wp-content\/uploads\/2018\/11\/Fichier-11.png\" class=\"vc_single_image-img attachment-full\" alt=\"fiocco2\" title=\"dossier 11\" \/><\/div>\n\t\t<\/div>\n\t<\/div>\n\n\t<div class=\"wpb_raw_code wpb_content_element wpb_raw_html\" >\n\t\t<div class=\"wpb_wrapper\">\n\t\t\t<div class=\"txt center\">\n    <img decoding=\"async\" src=\"\" alt=\"\">\n    <h2>LA PI\u00d9 ITALIANA DELLE STAZIONI FRANCESI<\/h2>\n    <p>Il comprensorio sciistico de La Rosi\u00e8re - Espace San Bernardo \u00e8 eccezionale per soleggiamento, copertura nevosa, accessibilit\u00e0 e collegamento con l\u2019Italia. Quest\u2019inverno, esso si estende sul Monte Valaisan con 5 nuove piste e una vetta a 2800 m d\u2019altitudine.<\/p>\n<\/div>\n\t\t<\/div>\n\t<\/div>\n<\/div><\/div><\/div><\/div><\/div><section     data-speed=\"1\" class=\"parallax_section_holder\" style = \" height:px; background-image:url('https:\/\/lantigel.com\/wp-content\/uploads\/2018\/11\/LaRosiere_UnEspritAuthentique-e1558354451654.jpg');\"><div class=\"parallax_content center\"><div class='parallax_section_inner_margin clearfix'><div class=\"wpb_column vc_column_container vc_col-sm-12\"><div class=\"vc_column-inner\"><div class=\"wpb_wrapper\"><div     class=\"vc_row wpb_row vc_inner section vc_row-fluid\" style=' text-align:center;'><div class=\"full_section_inner clearfix\"><div class=\"element_from_fade\"><div style='transition-delay:500ms; -webkit-animation-delay:500ms; animation-delay:500ms;'><div class=\"wpb_column vc_column_container vc_col-sm-12\"><div class=\"vc_column-inner\"><div class=\"wpb_wrapper\"><div class='q_elements_holder one_column responsive_mode_from_768 alignment_one_column_center' ><div class='q_elements_item' style='vertical-align:middle;'><div class='q_elements_item_inner'><div class='q_elements_item_content q_elements_holder_custom_848893' style='padding:25.5% 26.5% 28% 26.5%'><style type=\"text\/css\" data-type=\"q_elements_custom_padding\" scoped>@media only screen and (min-width: 1280px) and (max-width: 1600px) { .q_elements_item_content.q_elements_holder_custom_848893{ padding: 12% 26.5% 12% 26.5% !important;}}@media only screen and (min-width: 1024px) and (max-width: 1280px) { .q_elements_item_content.q_elements_holder_custom_848893{ padding: 11% 26.5% 11% 26.5% !important;}}@media only screen and (min-width: 768px) and (max-width: 1024px) { .q_elements_item_content.q_elements_holder_custom_848893{ padding: 13% 22.5% 12% 22.5% !important;}}@media only screen and (min-width: 600px) and (max-width: 768px) { .q_elements_item_content.q_elements_holder_custom_848893{ padding: 16% 8.5% 19% 8.5% !important;}}@media only screen and (min-width: 480px) and (max-width: 600px) { .q_elements_item_content.q_elements_holder_custom_848893{ padding: 15% 5% 15% 5% !important;}}@media only screen and (max-width: 480px) { .q_elements_item_content.q_elements_holder_custom_848893{ padding: 15% 5% 15% 5% !important;}}<\/style>\n\t<div class=\"wpb_single_image wpb_content_element vc_align_center\">\n\t\t<div class=\"wpb_wrapper\">\n\t\t\t\n\t\t\t<div class=\"vc_single_image-wrapper   vc_box_border_grey\"><img loading=\"lazy\" decoding=\"async\" width=\"38\" height=\"31\" src=\"https:\/\/lantigel.com\/wp-content\/uploads\/2018\/11\/before-title-pito2-8.png\" class=\"vc_single_image-img attachment-full\" alt=\"picto montagna\" title=\"prima-titolo-pito2-8\" \/><\/div>\n\t\t<\/div>\n\t<\/div>\n<div class=\"vc_empty_space\"   style=\"height: 25px\"><span class=\"vc_empty_space_inner\"><\/span><\/div>\n\t<div class=\"wpb_text_column wpb_content_element  larosiereh1\">\n\t\t<div class=\"wpb_wrapper\">\n\t\t\t<h1 style=\"text-align: center;\"><span style=\"color: #ffffff;\">UNO SPIRITO AUTENTICO<\/span><\/h1>\n\n\t\t<\/div> \n\t<\/div> <div class=\"vc_empty_space\"   style=\"height: 14px\"><span class=\"vc_empty_space_inner\"><\/span><\/div>\n\t<div class=\"wpb_text_column wpb_content_element\">\n\t\t<div class=\"wpb_wrapper\">\n\t\t\t<h4 style=\"text-align: center;\"><span style=\"color: #ffffff;\">Baite accoglienti in pietra e legno e col tetto d\u2019ardesia offrono alla vista l\u2019architettura preservata a intatta dei paesini di montagna. La Rosi\u00e8re ti regala un momento di evasione che non hai mai conosciuto prima, ritmato dalla cultura e dalla gastronomia italiana e savoiarda.<\/span><\/h4>\n\n\t\t<\/div> \n\t<\/div> <div class=\"vc_empty_space\"   style=\"height: 33px\"><span class=\"vc_empty_space_inner\"><\/span><\/div><a href=\"https:\/\/www.larosiere.net\/\" target=\"_blank\"  class=\"qbutton  white\" style=\"\">PER SAPERNE DI PI\u00d9<\/a><\/div><\/div><\/div><\/div><\/div><\/div><\/div><\/div><\/div><\/div><\/div><\/div><\/div><\/div><\/div><\/div><\/section><div     class=\"vc_row wpb_row section vc_row-fluid\" style=' text-align:left;'><div class=\"full_section_inner clearfix\"><div class=\"wpb_column vc_column_container vc_col-sm-12\"><div class=\"vc_column-inner\"><div class=\"wpb_wrapper\"><div class='q_elements_holder two_columns responsive_mode_from_768'  style='background-color:#ffffff'><div class='q_elements_item'><div class='q_elements_item_inner'><div class='q_elements_item_content q_elements_holder_custom_635693'>\n\t<div class=\"wpb_single_image wpb_content_element vc_align_center\">\n\t\t<div class=\"wpb_wrapper\">\n\t\t\t\n\t\t\t<div class=\"vc_single_image-wrapper   vc_box_border_grey\"><img loading=\"lazy\" decoding=\"async\" width=\"1336\" height=\"1191\" src=\"https:\/\/lantigel.com\/wp-content\/uploads\/2018\/12\/rosiereete-1.jpg\" class=\"vc_single_image-img attachment-full\" alt=\"rosaio d&#039;estate\" title=\"roseto in estate\" \/><\/div>\n\t\t<\/div>\n\t<\/div>\n<\/div><\/div><\/div><div class='q_elements_item' style='vertical-align:middle;'><div class='q_elements_item_inner'><div class='q_elements_item_content q_elements_holder_custom_408151' style='padding:13% 22% 0% 22%'><style type=\"text\/css\" data-type=\"q_elements_custom_padding\" scoped>@media only screen and (min-width: 1280px) and (max-width: 1600px) { .q_elements_item_content.q_elements_holder_custom_408151{ padding: 13% 22% 0% 22% !important;}}@media only screen and (min-width: 1024px) and (max-width: 1280px) { .q_elements_item_content.q_elements_holder_custom_408151{ padding: 13% 22% 0% 22% !important;}}@media only screen and (min-width: 768px) and (max-width: 1024px) { .q_elements_item_content.q_elements_holder_custom_408151{ padding: 13% 22% 0% 22% !important;}}@media only screen and (min-width: 600px) and (max-width: 768px) { .q_elements_item_content.q_elements_holder_custom_408151{ padding: 8% 15% 0% 15% !important;}}@media only screen and (min-width: 480px) and (max-width: 600px) { .q_elements_item_content.q_elements_holder_custom_408151{ padding: 8% 15% 0% 15% !important;}}@media only screen and (max-width: 480px) { .q_elements_item_content.q_elements_holder_custom_408151{ padding: 8% 15% 0% 15% !important;}}<\/style>\n\t<div class=\"wpb_single_image wpb_content_element vc_align_center\">\n\t\t<div class=\"wpb_wrapper\">\n\t\t\t\n\t\t\t<div class=\"vc_single_image-wrapper   vc_box_border_grey\"><img loading=\"lazy\" decoding=\"async\" width=\"38\" height=\"36\" src=\"https:\/\/lantigel.com\/wp-content\/uploads\/2018\/11\/Fichier-12.png\" class=\"vc_single_image-img attachment-full\" alt=\"pittogramma stella\" title=\"dossier 12\" \/><\/div>\n\t\t<\/div>\n\t<\/div>\n<div class=\"vc_empty_space\"   style=\"height: 20px\"><span class=\"vc_empty_space_inner\"><\/span><\/div>\n\t<div class=\"wpb_text_column wpb_content_element  vc_custom_1541147926616\">\n\t\t<div class=\"wpb_wrapper\">\n\t\t\t<h2 style=\"text-align: center;\">D\u2019ESTATE COME D\u2019INVERNO<\/h2>\n\n\t\t<\/div> \n\t<\/div> <div class=\"vc_empty_space\"   style=\"height: 20px\"><span class=\"vc_empty_space_inner\"><\/span><\/div>\n\t<div class=\"wpb_text_column wpb_content_element\">\n\t\t<div class=\"wpb_wrapper\">\n\t\t\t<h4 style=\"text-align: center;\" class=\"translation-block\">Goditi la montagna franco-italiana in estate con l\u2019Italia a meno di 10 minuti tramite la strada del Piccolo San Bernardo. Goditi le molteplici attivit\u00e0 e animazioni in un grandioso panorama baciato dal sole e prosegui il tuo viaggio gastronomico.<\/h4>\n\n\t\t<\/div> \n\t<\/div> <\/div><\/div><\/div><\/div><div class=\"vc_empty_space  vc_custom_1543851077600\"   style=\"height: 90px\"><span class=\"vc_empty_space_inner\"><\/span><\/div><\/div><\/div><\/div><\/div><\/div><div     class=\"vc_row wpb_row section vc_row-fluid vc_custom_1499681878069 grid_section\" style=' text-align:center;'><div class=\"section_inner clearfix\"><div class='section_inner_margin clearfix'><div class=\"wpb_column vc_column_container vc_col-sm-12 vc_col-lg-4 vc_col-md-4 vc_col-xs-12\"><div class=\"vc_column-inner\"><div class=\"wpb_wrapper\"><div class='q_elements_holder one_column responsive_mode_from_768' ><div class='q_elements_item' style='background-image: url(https:\/\/lantigel.com\/wp-content\/uploads\/2018\/11\/CTA_resto.jpg);background-position: center;background-repeat: no-repeat;background-size: cover;vertical-align:middle;'><div class='q_elements_item_inner'><div class='q_elements_item_content q_elements_holder_custom_573575' style='padding:29% 0%'><a href=\"\/it\/antigel\/restaurant\/\" target=\"_self\"  class=\"qbutton  white\" style=\"\">Il Ristorante<\/a><\/div><\/div><\/div><\/div><div class=\"vc_empty_space\"   style=\"height: 30px\"><span class=\"vc_empty_space_inner\"><\/span><\/div><\/div><\/div><\/div><div class=\"wpb_column vc_column_container vc_col-sm-12 vc_col-lg-4 vc_col-md-4 vc_col-xs-12\"><div class=\"vc_column-inner\"><div class=\"wpb_wrapper\"><div class='q_elements_holder one_column responsive_mode_from_768' ><div class='q_elements_item' style='background-image: url(https:\/\/lantigel.com\/wp-content\/uploads\/2018\/11\/CTA_snack.jpg);background-position: center;background-repeat: no-repeat;background-size: cover;vertical-align:middle;'><div class='q_elements_item_inner'><div class='q_elements_item_content q_elements_holder_custom_413809' style='padding:29% 0%'><a href=\"\/it\/antigel\/snack-bar\/\" target=\"_self\"  class=\"qbutton  white\" style=\"\">Snack bar<\/a><\/div><\/div><\/div><\/div><div class=\"vc_empty_space\"   style=\"height: 30px\"><span class=\"vc_empty_space_inner\"><\/span><\/div><\/div><\/div><\/div><div class=\"none wpb_column vc_column_container vc_col-sm-12 vc_col-lg-4 vc_col-md-4 vc_col-xs-12\"><div class=\"vc_column-inner\"><div class=\"wpb_wrapper\"><div class='q_elements_holder one_column responsive_mode_from_768' ><div class='q_elements_item' style='background-image: url(https:\/\/lantigel.com\/wp-content\/uploads\/2018\/11\/CTA\u00b0carte.jpg);background-position: center;background-repeat: no-repeat;background-size: cover;vertical-align:middle;'><div class='q_elements_item_inner'><div class='q_elements_item_content q_elements_holder_custom_503494' style='padding:29% 0%'><a href=\"https:\/\/lantigel.com\/it\/menu\/\" target=\"_self\"  class=\"qbutton  white\" style=\"\">Menu<\/a><\/div><\/div><\/div><\/div><div class=\"vc_empty_space\"   style=\"height: 30px\"><span class=\"vc_empty_space_inner\"><\/span><\/div><\/div><\/div><\/div><\/div><\/div><\/div>","protected":false},"excerpt":{"rendered":"La pi\u00f9 italiana delle localit\u00e0 francesi Il comprensorio sciistico di La Rosi\u00e8re \u2013 Espace San Bernardo \u00e8 eccezionale per il suo sole, il suo innevamento, la sua accessibilit\u00e0 e il suo collegamento con l&#039;Italia. Quest&#039;inverno si estende sul Mont Valaisan con 5 nuove piste e un...","protected":false},"author":4,"featured_media":0,"parent":0,"menu_order":0,"comment_status":"closed","ping_status":"closed","template":"full_width.php","meta":{"footnotes":""},"class_list":["post-22362","page","type-page","status-publish","hentry"],"_links":{"self":[{"href":"https:\/\/lantigel.com\/it\/wp-json\/wp\/v2\/pages\/22362"}],"collection":[{"href":"https:\/\/lantigel.com\/it\/wp-json\/wp\/v2\/pages"}],"about":[{"href":"https:\/\/lantigel.com\/it\/wp-json\/wp\/v2\/types\/page"}],"author":[{"embeddable":true,"href":"https:\/\/lantigel.com\/it\/wp-json\/wp\/v2\/users\/4"}],"replies":[{"embeddable":true,"href":"https:\/\/lantigel.com\/it\/wp-json\/wp\/v2\/comments?post=22362"}],"version-history":[{"count":9,"href":"https:\/\/lantigel.com\/it\/wp-json\/wp\/v2\/pages\/22362\/revisions"}],"predecessor-version":[{"id":24280,"href":"https:\/\/lantigel.com\/it\/wp-json\/wp\/v2\/pages\/22362\/revisions\/24280"}],"wp:attachment":[{"href":"https:\/\/lantigel.com\/it\/wp-json\/wp\/v2\/media?parent=22362"}],"curies":[{"name":"wp","href":"https:\/\/api.w.org\/{rel}","templated":true}]}}