{"id":22661,"date":"2018-11-20T12:01:46","date_gmt":"2018-11-20T11:01:46","guid":{"rendered":"http:\/\/lantigel.com\/?page_id=22661"},"modified":"2021-08-31T13:43:12","modified_gmt":"2021-08-31T11:43:12","slug":"mentions-legales","status":"publish","type":"page","link":"https:\/\/lantigel.com\/it\/mentions-legales\/","title":{"rendered":"Avviso legale"},"content":{"rendered":"<div     class=\"vc_row wpb_row section vc_row-fluid vc_custom_1542712100681\" style=' text-align:left;'><div class=\"full_section_inner clearfix\"><div class=\"wpb_column vc_column_container vc_col-sm-12\"><div class=\"vc_column-inner\"><div class=\"wpb_wrapper\"><div class=\"vc_empty_space\"   style=\"height: 50px\"><span class=\"vc_empty_space_inner\"><\/span><\/div>\n\t<div class=\"wpb_text_column wpb_content_element\">\n\t\t<div class=\"wpb_wrapper\">\n\t\t\t<div>\n<p>&nbsp;<\/p>\n<h4>1. INFORMAZIONI LEGALI<\/h4>\n<p>L&#039;editore del Sito \u00e8 la societ\u00e0 MADISAN, L&#039;ANTIGEL, La sede di questa societ\u00e0 \u00e8 attualmente situata a La Rosiere - 73700 Montvalezan<br \/>\nPartita IVA: *********<br \/>\nSede legale: in Rosiere - 73700 Montvalezan<br \/>\nE-mail: sandrine.noir@sfr.fr<br \/>\nDirettore della pubblicazione: Sandrine NOIR<\/p>\n<h4>2. HOSTING DEL SITO<\/h4>\n<p>Il sito web antigel.com \u00e8 ospitato da OVH, SAS con un capitale di 10.000.000 di euro, iscritta all&#039;RCS di Roubaix-Tourcoing con il numero 424 761 419 00045. Sede legale: 2 rue Kellerman 59100 Roubaix Francia<\/p>\n<h4>3. DIRITTI DI PROPRIET\u00c0 INTELLETTUALE<\/h4>\n<p>Il Sito e tutto il suo contenuto (in particolare i marchi, i loghi, qualsiasi elemento grafico, testuale e informatico del Sito comprese in particolare le strutture ad albero, formattazione, articoli, presentazioni, illustrazioni, fotografie, e\/o qualsiasi altro documento) sono protetti dalle leggi francesi e internazionali sul diritto d&#039;autore e sulla propriet\u00e0 intellettuale. Nessuna interpretazione pu\u00f2 essere fatta a favore di una licenza d&#039;uso o di qualsiasi diritto all&#039;uso di questi elementi. Pertanto, sono vietate le loro rappresentazioni, riproduzioni, sovrapposizioni, trasmissioni e repliche, parziali o totali (articolo L. 122-4 del Codice della propriet\u00e0 intellettuale). Chi lo fa senza poter giustificare una preventiva ed espressa autorizzazione del titolare di tali diritti incorre nelle sanzioni relative al reato di contraffazione (artt. L. 335-2 e ss. del Codice della propriet\u00e0 intellettuale). MADISAN pu\u00f2 avvalersi dei propri diritti, in particolare dei diritti di propriet\u00e0 intellettuale, per avviare procedimenti, in particolare procedimenti penali. MADISAN si riserva il diritto di migliorare o modificare le informazioni, i prodotti, i programmi o le condizioni d&#039;uso descritti nel Sito in qualsiasi momento, senza che ne derivi alcuna responsabilit\u00e0. Le condizioni e gli avvisi applicabili saranno quelli in vigore alla data della tua connessione al Sito.<\/p>\n<h4>4. LINK IPERTESTUALI<\/h4>\n<p>L&#039;utente che fosse reindirizzato a un sito di terzi tramite un collegamento ipertestuale stabilito in direzione di altri siti riconosce che MADISAN non ha alcun controllo sui contenuti, le informazioni, i prodotti ei servizi offerti su questi siti. Di conseguenza, MADISAN non pu\u00f2 in nessun caso essere ritenuta responsabile per eventuali danni diretti o indiretti derivanti dall&#039;utilizzo di siti accessibili tramite collegamenti ipertestuali. MADISAN non \u00e8 inoltre responsabile dei collegamenti ipertestuali che puntano al Sito. Chiunque desideri creare collegamenti ipertestuali che puntano al Sito deve ottenere la preventiva autorizzazione scritta di MADISAN.<\/p>\n<h4>5. LIMITAZIONE DELLE GARANZIE<\/h4>\n<p>MADISAN ricorda agli internauti le caratteristiche ei limiti della rete Internet. MADISAN non pu\u00f2 essere ritenuta responsabile per eventuali danni derivanti dall&#039;accesso al Sito o, al contrario, dall&#039;impossibilit\u00e0 di accedervi. MADISAN non potr\u00e0 in nessun caso essere ritenuta responsabile in caso di indisponibilit\u00e0 del Sito, per qualsiasi motivo (guasto tecnico, congestione della rete, ecc.). L&#039;utente ammette espressamente di utilizzare il Sito a proprio rischio e sotto la propria esclusiva responsabilit\u00e0. MADISAN non pu\u00f2 essere ritenuta responsabile per qualsiasi danno, diretto o indiretto, materiale o immateriale arrecato agli utenti, alle loro apparecchiature informatiche o di telecomunicazione, ai dati ivi conservati e per le conseguenze che ne possano derivare sulla loro attivit\u00e0 personale, professionale o commerciale. Le informazioni sul Sito sono fornite solo a scopo informativo. Le informazioni pubblicate su questo Sito sono aggiornate e controllate periodicamente ma possono comunque contenere errori. Le informazioni devono in ogni caso essere prese in considerazione quando vengono messe online e non quando consultate il Sito (questi dati potrebbero essere stati aggiornati tra il momento in cui li avete scaricati e quello in cui li avete letti). In ogni caso, MADISAN non pu\u00f2 essere ritenuta responsabile di queste informazioni.<\/p>\n<h4>6. MARCHI<\/h4>\n<p>Tutti i marchi citati, in particolare MADISAN, sono marchi registrati. Tutti i diritti riservati copyright \u00a9 - 2018 - MADISAN.<\/p>\n<h4>7. UTILIZZO DEL SITO<\/h4>\n<p>MADISAN offre il Sito principalmente ad uso dei propri clienti e di chiunque desideri conoscere i suoi servizi. Quando ti colleghi al Sito: - accetti di rispettare queste informative nonch\u00e9, pi\u00f9 in generale, le leggi applicabili, - ti astieni da qualsiasi raccolta o uso improprio, in particolare delle informazioni personali a cui potresti accedere e, in generale, , qualsiasi atto che possa arrecare danno a terzi. Quando compili un modulo e fornisci informazioni, accetti di: - fornire informazioni reali, esatte, aggiornate al momento dell&#039;iscrizione e in particolare di non utilizzare nomi, qualit\u00e0 o indirizzi falsi, o anche nomi, qualit\u00e0 o indirizzi senza esservi autorizzati, - mantenere aggiornati i dati di registrazione al fine di garantirne sempre la reale ed esatta natura, - non rendere disponibili o diffondere informazioni, programmi o elementi illeciti, riprovevoli o anche dannosi (come ad esempio virus, pirata o copia di software). - non diffondere commenti, opinioni o informazioni di carattere diffamatorio, osceno, violento, razzista e pi\u00f9 in generale contrario alle leggi e ai regolamenti vigenti, ai diritti delle persone e al buon costume. In caso di violazione di tali disposizioni, MADISAN si riserva il diritto di negarti l&#039;accesso al Sito o ai servizi offerti, per tua sola colpa, fatta salva ogni azione di responsabilit\u00e0.<\/p>\n<p>&nbsp;<\/p>\n<p>\u00a9 2018 grazie creativo<\/p>\n<\/div>\n\n\t\t<\/div> \n\t<\/div> <div class=\"vc_empty_space\"   style=\"height: 50px\"><span class=\"vc_empty_space_inner\"><\/span><\/div><\/div><\/div><\/div><\/div><\/div>","protected":false},"excerpt":{"rendered":"&nbsp; 1. INFORMAZIONI LEGALI L&#039;editore del Sito \u00e8 la societ\u00e0 MADISAN, L&#039;ANTIGEL, La sede di questa societ\u00e0 \u00e8 attualmente situata in La Rosiere - 73700 Montvalezan Partita IVA: ********* Sede: a Rosiere - 73700 Montvalezan Email: sandrine.noir@sfr.fr Direttore della pubblicazione: Sandrine NOIR 2. ALLOGGIO...","protected":false},"author":4,"featured_media":0,"parent":0,"menu_order":0,"comment_status":"closed","ping_status":"closed","template":"full_width.php","meta":{"footnotes":""},"class_list":["post-22661","page","type-page","status-publish","hentry"],"_links":{"self":[{"href":"https:\/\/lantigel.com\/it\/wp-json\/wp\/v2\/pages\/22661"}],"collection":[{"href":"https:\/\/lantigel.com\/it\/wp-json\/wp\/v2\/pages"}],"about":[{"href":"https:\/\/lantigel.com\/it\/wp-json\/wp\/v2\/types\/page"}],"author":[{"embeddable":true,"href":"https:\/\/lantigel.com\/it\/wp-json\/wp\/v2\/users\/4"}],"replies":[{"embeddable":true,"href":"https:\/\/lantigel.com\/it\/wp-json\/wp\/v2\/comments?post=22661"}],"version-history":[{"count":6,"href":"https:\/\/lantigel.com\/it\/wp-json\/wp\/v2\/pages\/22661\/revisions"}],"predecessor-version":[{"id":24050,"href":"https:\/\/lantigel.com\/it\/wp-json\/wp\/v2\/pages\/22661\/revisions\/24050"}],"wp:attachment":[{"href":"https:\/\/lantigel.com\/it\/wp-json\/wp\/v2\/media?parent=22661"}],"curies":[{"name":"wp","href":"https:\/\/api.w.org\/{rel}","templated":true}]}}