{"id":22356,"date":"2018-10-31T14:21:00","date_gmt":"2018-10-31T13:21:00","guid":{"rendered":"http:\/\/lantigel.com\/?page_id=22356"},"modified":"2025-09-16T18:08:14","modified_gmt":"2025-09-16T16:08:14","slug":"snack-bar","status":"publish","type":"page","link":"https:\/\/lantigel.com\/pt\/lanchonete\/","title":{"rendered":"Lanchonete"},"content":{"rendered":"<div     class=\"vc_row wpb_row section vc_row-fluid\" style='background-color:#ffffff; text-align:center;'><div class=\"full_section_inner clearfix\"><div class=\"txt-content wpb_column vc_column_container vc_col-sm-12 vc_col-lg-6 vc_col-md-12 vc_col-xs-12\"><div class=\"vc_column-inner\"><div class=\"wpb_wrapper\"><div class='q_elements_holder one_column responsive_mode_from_768' ><div class='q_elements_item'><div class='q_elements_item_inner'><div class='q_elements_item_content q_elements_holder_custom_966757' style='padding:15% 15% 15% 15%'><style type=\"text\/css\" data-type=\"q_elements_custom_padding\" scoped>@media only screen and (min-width: 1280px) and (max-width: 1600px) { .q_elements_item_content.q_elements_holder_custom_966757{ padding: 15% 15% 15% 15% !important;}}@media only screen and (min-width: 1024px) and (max-width: 1280px) { .q_elements_item_content.q_elements_holder_custom_966757{ padding: 15% 15% 15% 15% !important;}}<\/style>\n\t<div class=\"wpb_single_image wpb_content_element vc_align_center\">\n\t\t<div class=\"wpb_wrapper\">\n\t\t\t\n\t\t\t<div class=\"vc_single_image-wrapper   vc_box_border_grey\"><img loading=\"lazy\" decoding=\"async\" width=\"443\" height=\"443\" src=\"https:\/\/lantigel.com\/wp-content\/uploads\/2025\/09\/MUSICIENS.png\" class=\"vc_single_image-img attachment-full\" alt=\"\" title=\"M\u00daSICOS\" srcset=\"https:\/\/lantigel.com\/wp-content\/uploads\/2025\/09\/MUSICIENS.png 443w, https:\/\/lantigel.com\/wp-content\/uploads\/2025\/09\/MUSICIENS-300x300.png 300w, https:\/\/lantigel.com\/wp-content\/uploads\/2025\/09\/MUSICIENS-150x150.png 150w, https:\/\/lantigel.com\/wp-content\/uploads\/2025\/09\/MUSICIENS-12x12.png 12w\" sizes=\"(max-width: 443px) 100vw, 443px\" \/><\/div>\n\t\t<\/div>\n\t<\/div>\n<\/div><\/div><\/div><\/div><\/div><\/div><\/div><div class=\"txt-content spe wpb_column vc_column_container vc_col-sm-12 vc_col-lg-6 vc_col-md-12 vc_col-xs-12\"><div class=\"vc_column-inner\"><div class=\"wpb_wrapper\"><div class='q_elements_holder one_column responsive_mode_from_768' ><div class='q_elements_item'><div class='q_elements_item_inner'><div class='q_elements_item_content q_elements_holder_custom_584717' style='padding:18% 24% 18% 6%'><style type=\"text\/css\" data-type=\"q_elements_custom_padding\" scoped>@media only screen and (min-width: 1280px) and (max-width: 1600px) { .q_elements_item_content.q_elements_holder_custom_584717{ padding: 18% 24% 18% 6% !important;}}<\/style>\n\t<div class=\"wpb_single_image wpb_content_element vc_align_center\">\n\t\t<div class=\"wpb_wrapper\">\n\t\t\t\n\t\t\t<div class=\"vc_single_image-wrapper   vc_box_border_grey\"><img loading=\"lazy\" decoding=\"async\" width=\"43\" height=\"33\" src=\"https:\/\/lantigel.com\/wp-content\/uploads\/2018\/11\/Fichier-8.png\" class=\"vc_single_image-img attachment-full\" alt=\"len\u00e7\u00f3is\" title=\"Arquivo 8\" \/><\/div>\n\t\t<\/div>\n\t<\/div>\n<div class=\"vc_empty_space\"   style=\"height: 20px\"><span class=\"vc_empty_space_inner\"><\/span><\/div>\n\t<div class=\"wpb_text_column wpb_content_element  vc_custom_1540997949628\">\n\t\t<div class=\"wpb_wrapper\">\n\t\t\t<h2>ATMOSFERA MUSICAL NO TERRA\u00c7O<\/h2>\n\n\t\t<\/div> \n\t<\/div> <div class=\"vc_empty_space\"   style=\"height: 20px\"><span class=\"vc_empty_space_inner\"><\/span><\/div>\n\t<div class=\"wpb_text_column wpb_content_element\">\n\t\t<div class=\"wpb_wrapper\">\n\t\t\t<h4>Fa\u00e7a uma pausa reconfortante na lanchonete Antigel. Desfrute do bar ao ar livre e do terra\u00e7o ensolarado de 600 m2 com uma vista deslumbrante do vale da Tarentaise.<\/h4>\n\n\t\t<\/div> \n\t<\/div> <\/div><\/div><\/div><\/div><\/div><\/div><\/div><\/div><\/div><section     data-speed=\"1\" class=\"parallax_section_holder\" style = \" height:px; background-image:url('https:\/\/lantigel.com\/wp-content\/uploads\/2025\/09\/PEOPLE.jpg');\"><div class=\"parallax_content center\"><div class='parallax_section_inner_margin clearfix'><div class=\"wpb_column vc_column_container vc_col-sm-12\"><div class=\"vc_column-inner\"><div class=\"wpb_wrapper\"><div     class=\"vc_row wpb_row vc_inner section vc_row-fluid\" style=' text-align:center;'><div class=\"full_section_inner clearfix\"><div class=\"element_from_fade\"><div style='transition-delay:500ms; -webkit-animation-delay:500ms; animation-delay:500ms;'><div class=\"wpb_column vc_column_container vc_col-sm-12\"><div class=\"vc_column-inner\"><div class=\"wpb_wrapper\"><div class='q_elements_holder one_column responsive_mode_from_768 alignment_one_column_center' ><div class='q_elements_item' style='vertical-align:middle;'><div class='q_elements_item_inner'><div class='q_elements_item_content q_elements_holder_custom_472941' style='padding:25.5% 26.5% 28% 26.5%'><style type=\"text\/css\" data-type=\"q_elements_custom_padding\" scoped>@media only screen and (min-width: 1280px) and (max-width: 1600px) { .q_elements_item_content.q_elements_holder_custom_472941{ padding: 12% 26.5% 12% 26.5% !important;}}@media only screen and (min-width: 1024px) and (max-width: 1280px) { .q_elements_item_content.q_elements_holder_custom_472941{ padding: 11% 26.5% 11% 26.5% !important;}}@media only screen and (min-width: 768px) and (max-width: 1024px) { .q_elements_item_content.q_elements_holder_custom_472941{ padding: 13% 22.5% 12% 22.5% !important;}}@media only screen and (min-width: 600px) and (max-width: 768px) { .q_elements_item_content.q_elements_holder_custom_472941{ padding: 16% 8.5% 19% 8.5% !important;}}@media only screen and (min-width: 480px) and (max-width: 600px) { .q_elements_item_content.q_elements_holder_custom_472941{ padding: 15% 5% 15% 5% !important;}}@media only screen and (max-width: 480px) { .q_elements_item_content.q_elements_holder_custom_472941{ padding: 15% 5% 15% 5% !important;}}<\/style>\n\t<div class=\"wpb_single_image wpb_content_element vc_align_center\">\n\t\t<div class=\"wpb_wrapper\">\n\t\t\t\n\t\t\t<div class=\"vc_single_image-wrapper   vc_box_border_grey\"><img loading=\"lazy\" decoding=\"async\" width=\"20\" height=\"17\" src=\"https:\/\/lantigel.com\/wp-content\/uploads\/2018\/11\/Fichier-10.png\" class=\"vc_single_image-img attachment-full\" alt=\"instagram_antigel\" title=\"logo_instagram\" \/><\/div>\n\t\t<\/div>\n\t<\/div>\n<div class=\"vc_empty_space\"   style=\"height: 25px\"><span class=\"vc_empty_space_inner\"><\/span><\/div>\n\t<div class=\"wpb_text_column wpb_content_element\">\n\t\t<div class=\"wpb_wrapper\">\n\t\t\t<h1 style=\"text-align: center;\"><span style=\"color: #ffffff;\">NECESSIDADE DE ASSIST\u00caNCIA AO ESQUI!<\/span><\/h1>\n\n\t\t<\/div> \n\t<\/div> <div class=\"vc_empty_space\"   style=\"height: 14px\"><span class=\"vc_empty_space_inner\"><\/span><\/div>\n\t<div class=\"wpb_text_column wpb_content_element\">\n\t\t<div class=\"wpb_wrapper\">\n\t\t\t<h4 style=\"text-align: center;\"><span style=\"color: #ffffff;\">\u00a0Prove em viagem produtos frescos de qualidade, bebidas quentes e frias, os aut\u00eanticos vinhos brancos da Sab\u00f3ia e G\u00e9n\u00e9pi. <\/span><\/h4>\n\n\t\t<\/div> \n\t<\/div> <\/div><\/div><\/div><\/div><\/div><\/div><\/div><\/div><\/div><\/div><\/div><\/div><\/div><\/div><\/div><\/div><\/section><div     class=\"vc_row wpb_row section vc_row-fluid\" style='background-color:#ffffff; text-align:center;'><div class=\"full_section_inner clearfix\"><div class=\"txt-content wpb_column vc_column_container vc_col-sm-12 vc_col-lg-6 vc_col-md-12 vc_col-xs-12\"><div class=\"vc_column-inner\"><div class=\"wpb_wrapper\"><div class='q_elements_holder one_column responsive_mode_from_768' ><div class='q_elements_item'><div class='q_elements_item_inner'><div class='q_elements_item_content q_elements_holder_custom_415746' style='padding:23% 6% 0% 24%'><style type=\"text\/css\" data-type=\"q_elements_custom_padding\" scoped>@media only screen and (min-width: 1280px) and (max-width: 1600px) { .q_elements_item_content.q_elements_holder_custom_415746{ padding: 23% 6% 0% 24% !important;}}@media only screen and (min-width: 1024px) and (max-width: 1280px) { .q_elements_item_content.q_elements_holder_custom_415746{ padding: 18% 18% 0% 18% !important;}}@media only screen and (min-width: 768px) and (max-width: 1024px) { .q_elements_item_content.q_elements_holder_custom_415746{ padding: 13% 16% 0% 16% !important;}}<\/style>\n\t<div class=\"wpb_single_image wpb_content_element vc_align_center\">\n\t\t<div class=\"wpb_wrapper\">\n\t\t\t\n\t\t\t<div class=\"vc_single_image-wrapper   vc_box_border_grey\"><img loading=\"lazy\" decoding=\"async\" width=\"39\" height=\"38\" src=\"https:\/\/lantigel.com\/wp-content\/uploads\/2018\/11\/Fichier-9.png\" class=\"vc_single_image-img attachment-full\" alt=\"estrelas\" title=\"Arquivo 9\" \/><\/div>\n\t\t<\/div>\n\t<\/div>\n<div class=\"vc_empty_space\"   style=\"height: 20px\"><span class=\"vc_empty_space_inner\"><\/span><\/div>\n\t<div class=\"wpb_text_column wpb_content_element  vc_custom_1542642981061\">\n\t\t<div class=\"wpb_wrapper\">\n\t\t\t<h2 style=\"text-align: center;\">VISTA IMPRESSIONANTE<\/h2>\n\n\t\t<\/div> \n\t<\/div> <div class=\"vc_empty_space\"   style=\"height: 20px\"><span class=\"vc_empty_space_inner\"><\/span><\/div>\n\t<div class=\"wpb_text_column wpb_content_element\">\n\t\t<div class=\"wpb_wrapper\">\n\t\t\t<h4 style=\"text-align: center;\">Desfrute de um panorama \u00fanico em nosso terra\u00e7o voltado para o sul, no cora\u00e7\u00e3o da \u00e1rea de La Rosi\u00e8re Espace san bernado entre Mont-Blanc e Tarentaise.<\/h4>\n\n\t\t<\/div> \n\t<\/div> <\/div><\/div><\/div><\/div><\/div><\/div><\/div><div class=\"img-content wpb_column vc_column_container vc_col-sm-12 vc_col-lg-6 vc_col-md-12 vc_col-xs-12\"><div class=\"vc_column-inner\"><div class=\"wpb_wrapper\"><div class='q_elements_holder one_column responsive_mode_from_768' ><div class='q_elements_item'><div class='q_elements_item_inner'><div class='q_elements_item_content q_elements_holder_custom_182462' style='padding:15% 15% 15% 15%'><style type=\"text\/css\" data-type=\"q_elements_custom_padding\" scoped>@media only screen and (min-width: 1280px) and (max-width: 1600px) { .q_elements_item_content.q_elements_holder_custom_182462{ padding: 15% 15% 15% 15% !important;}}<\/style>\n\t<div class=\"wpb_single_image wpb_content_element vc_align_center   bulle4\">\n\t\t<div class=\"wpb_wrapper\">\n\t\t\t\n\t\t\t<div class=\"vc_single_image-wrapper   vc_box_border_grey\"><img loading=\"lazy\" decoding=\"async\" width=\"442\" height=\"442\" src=\"https:\/\/lantigel.com\/wp-content\/uploads\/2023\/12\/VUE-RESTRO.png\" class=\"vc_single_image-img attachment-full\" alt=\"\" title=\"VER-RESTRO\" srcset=\"https:\/\/lantigel.com\/wp-content\/uploads\/2023\/12\/VUE-RESTRO.png 442w, https:\/\/lantigel.com\/wp-content\/uploads\/2023\/12\/VUE-RESTRO-300x300.png 300w, https:\/\/lantigel.com\/wp-content\/uploads\/2023\/12\/VUE-RESTRO-150x150.png 150w, https:\/\/lantigel.com\/wp-content\/uploads\/2023\/12\/VUE-RESTRO-12x12.png 12w\" sizes=\"(max-width: 442px) 100vw, 442px\" \/><\/div>\n\t\t<\/div>\n\t<\/div>\n<\/div><\/div><\/div><\/div><\/div><\/div><\/div><\/div><\/div><div     class=\"vc_row wpb_row section vc_row-fluid comment\" style='background-image:url(https:\/\/lantigel.com\/wp-content\/uploads\/2018\/11\/Fichier-7-1.png); text-align:left;'><div class=\"full_section_inner clearfix\"><div class=\"wpb_column vc_column_container vc_col-sm-12\"><div class=\"vc_column-inner\"><div class=\"wpb_wrapper\"><div class=\"vc_empty_space\"   style=\"height: 100px\"><span class=\"vc_empty_space_inner\"><\/span><\/div>\n\t<div class=\"wpb_single_image wpb_content_element vc_align_center\">\n\t\t<div class=\"wpb_wrapper\">\n\t\t\t\n\t\t\t<div class=\"vc_single_image-wrapper   vc_box_border_grey\"><img loading=\"lazy\" decoding=\"async\" width=\"31\" height=\"29\" src=\"https:\/\/lantigel.com\/wp-content\/uploads\/2018\/11\/Fichier-6.png\" class=\"vc_single_image-img attachment-full\" alt=\"picto floco de neve\" title=\"Arquivo 6\" \/><\/div>\n\t\t<\/div>\n\t<\/div>\n<div class=\"vc_empty_space\"   style=\"height: 20px\"><span class=\"vc_empty_space_inner\"><\/span><\/div>\n\t<div class=\"wpb_text_column wpb_content_element  vc_custom_1542210250843\">\n\t\t<div class=\"wpb_wrapper\">\n\t\t\t<h2 style=\"text-align: center;\">ELES GOSTARAM<\/h2>\n\n\t\t<\/div> \n\t<\/div> <div class=\"vc_empty_space\"   style=\"height: 20px\"><span class=\"vc_empty_space_inner\"><\/span><\/div>\n\t<div class=\"wpb_raw_code wpb_content_element wpb_raw_html\" >\n\t\t<div class=\"wpb_wrapper\">\n\t\t\t<div class=\"testimonials\">\n  <div class=\"section\">\n    <p>Restaurante nas encostas. Excelente terra\u00e7o quando o tempo est\u00e1 bom. Pessoal muito simp\u00e1tico e prestativo (\u00e0 sua disposi\u00e7\u00e3o e sempre dispon\u00edvel para lhe encontrar uma mesa quando estiver cheia). Servi\u00e7o r\u00e1pido. Atmosfera muito quente no interior.<\/p>\n    <h5 class=\"name\">cabeludo0322<\/h5>\n  <\/div>\n  <div class=\"section\">\n    <p>Uma pausa revigorante ao meio-dia! Muito bem localizado e boa exposi\u00e7\u00e3o para almo\u00e7ar. Os wraps eram excelentes, assim como as batatas fritas.<\/p>\n    <h5 class=\"name\">repolho2409<\/h5>\n  <\/div>\n  <div class=\"section\">\n    <p>Recep\u00e7\u00e3o 10\/10, acessibilidade 10\/10 mesmo com mau tempo. Sandu\u00edches Club Thaw s\u00e3o perfeitos.<\/p>\n    <h5 class=\"name\">Mathieu M<\/h5>\n  <\/div>\n<\/div>\n<script>\n  jQuery('.testimonials').slick({\n    slidesToShow: 1,\n    slidesToScroll: 1,\n    autoplay: true,\n    autoplaySpeed: 6000,\n    arrows: false,\n    dots:  true,\n    pauseOnHover: true,\n});\n<\/script>\n\t\t<\/div>\n\t<\/div>\n<div class=\"vc_empty_space\"   style=\"height: 100px\"><span class=\"vc_empty_space_inner\"><\/span><\/div><\/div><\/div><\/div><\/div><\/div>","protected":false},"excerpt":{"rendered":"AMBIENTE MUSICAL NO TERRA\u00c7O Fa\u00e7a uma pausa reconfortante no snack-bar Antigel. Aproveite o bar ao ar livre e os 600 m2 de terra\u00e7o ensolarado com uma vista deslumbrante sobre o vale do Tarentaise. NECESS\u00c1RIO TRAJE DE ESQUI! Saboreie produtos frescos em qualquer lugar...","protected":false},"author":4,"featured_media":0,"parent":0,"menu_order":0,"comment_status":"closed","ping_status":"closed","template":"full_width.php","meta":{"footnotes":""},"class_list":["post-22356","page","type-page","status-publish","hentry"],"_links":{"self":[{"href":"https:\/\/lantigel.com\/pt\/wp-json\/wp\/v2\/pages\/22356"}],"collection":[{"href":"https:\/\/lantigel.com\/pt\/wp-json\/wp\/v2\/pages"}],"about":[{"href":"https:\/\/lantigel.com\/pt\/wp-json\/wp\/v2\/types\/page"}],"author":[{"embeddable":true,"href":"https:\/\/lantigel.com\/pt\/wp-json\/wp\/v2\/users\/4"}],"replies":[{"embeddable":true,"href":"https:\/\/lantigel.com\/pt\/wp-json\/wp\/v2\/comments?post=22356"}],"version-history":[{"count":9,"href":"https:\/\/lantigel.com\/pt\/wp-json\/wp\/v2\/pages\/22356\/revisions"}],"predecessor-version":[{"id":24253,"href":"https:\/\/lantigel.com\/pt\/wp-json\/wp\/v2\/pages\/22356\/revisions\/24253"}],"wp:attachment":[{"href":"https:\/\/lantigel.com\/pt\/wp-json\/wp\/v2\/media?parent=22356"}],"curies":[{"name":"wp","href":"https:\/\/api.w.org\/{rel}","templated":true}]}}