{"id":22661,"date":"2018-11-20T12:01:46","date_gmt":"2018-11-20T11:01:46","guid":{"rendered":"http:\/\/lantigel.com\/?page_id=22661"},"modified":"2021-08-31T13:43:12","modified_gmt":"2021-08-31T11:43:12","slug":"mentions-legales","status":"publish","type":"page","link":"https:\/\/lantigel.com\/pt\/noticia-legal\/","title":{"rendered":"Not\u00edcia legal"},"content":{"rendered":"<div     class=\"vc_row wpb_row section vc_row-fluid vc_custom_1542712100681\" style=' text-align:left;'><div class=\"full_section_inner clearfix\"><div class=\"wpb_column vc_column_container vc_col-sm-12\"><div class=\"vc_column-inner\"><div class=\"wpb_wrapper\"><div class=\"vc_empty_space\"   style=\"height: 50px\"><span class=\"vc_empty_space_inner\"><\/span><\/div>\n\t<div class=\"wpb_text_column wpb_content_element\">\n\t\t<div class=\"wpb_wrapper\">\n\t\t\t<div>\n<p>&nbsp;<\/p>\n<h4>1. INFORMA\u00c7\u00d5ES LEGAIS<\/h4>\n<p>O editor do Site \u00e9 a empresa MADISAN, L&#039;ANTIGEL, A sede desta empresa est\u00e1 atualmente localizada em La Rosiere - 73700 Montvalezan<br \/>\nN\u00famero de IVA: *********<br \/>\nSede social: em Rosiere - 73700 Montvalezan<br \/>\nEmail: sandrine.noir@sfr.fr<br \/>\nDiretor de publica\u00e7\u00e3o: Sandrine NOIR<\/p>\n<h4>2. HOSPEDAGEM DO SITE<\/h4>\n<p>O s\u00edtio antigel.com \u00e9 alojado pela OVH, SAS com um capital de 10.000.000 euros, registado no RCS de Roubaix-Tourcoing sob o n\u00famero 424 761 419 00045. Sede: 2 rue Kellerman 59100 Roubaix Fran\u00e7a<\/p>\n<h4>3. DIREITOS DE PROPRIEDADE INTELECTUAL<\/h4>\n<p>O Site e todo o seu conte\u00fado (em particular as marcas registradas, logotipos, qualquer elemento gr\u00e1fico, textual e de TI do Site, incluindo em particular as estruturas em \u00e1rvore, formata\u00e7\u00e3o, artigos, apresenta\u00e7\u00f5es, ilustra\u00e7\u00f5es, fotografias e \/ ou qualquer outro documento) s\u00e3o protegido por direitos autorais franceses e internacionais e leis de propriedade intelectual. Nenhuma interpreta\u00e7\u00e3o pode ser feita em favor de uma licen\u00e7a de usu\u00e1rio ou qualquer direito de usar esses elementos. Como tal, as suas representa\u00e7\u00f5es, reprodu\u00e7\u00f5es, sobreposi\u00e7\u00f5es, transmiss\u00f5es e repeti\u00e7\u00f5es, parciais ou totais, s\u00e3o proibidas (artigo L. 122-4 do C\u00f3digo de Propriedade Intelectual). Quem o fizer sem poder justificar a pr\u00e9via e expressa autoriza\u00e7\u00e3o do titular destes direitos incorre nas penas relativas ao delito de contrafac\u00e7\u00e3o (artigos L. 335-2 e seguintes do C\u00f3digo da Propriedade Intelectual). A MADISAN pode fazer valer os seus direitos, nomeadamente os direitos de propriedade intelectual, para instaurar processos, nomeadamente penais. MADISAN reserva-se o direito de melhorar ou modificar as informa\u00e7\u00f5es, produtos, programas ou condi\u00e7\u00f5es de uso descritos no Site a qualquer momento, sem que haja qualquer responsabilidade como resultado. As condi\u00e7\u00f5es e avisos aplic\u00e1veis ser\u00e3o aqueles em vigor na data de sua conex\u00e3o ao Site.<\/p>\n<h4>4. LINKS DE HIPERTEXTO<\/h4>\n<p>O usu\u00e1rio que seria redirecionado a um site de terceiros por meio de um link de hipertexto estabelecido na dire\u00e7\u00e3o de outros sites reconhece que MADISAN n\u00e3o tem controle sobre o conte\u00fado, informa\u00e7\u00f5es, produtos e servi\u00e7os oferecidos nesses sites. Consequentemente, MADISAN n\u00e3o pode, em caso algum, ser responsabilizada por quaisquer danos diretos ou indiretos resultantes da utiliza\u00e7\u00e3o de sites acess\u00edveis atrav\u00e9s de links de hipertexto. A MADISAN tamb\u00e9m n\u00e3o se responsabiliza por links de hipertexto que apontem para o Site. Qualquer pessoa que deseje estabelecer links de hipertexto apontando para o Site deve obter a autoriza\u00e7\u00e3o pr\u00e9via por escrito da MADISAN.<\/p>\n<h4>5. LIMITA\u00c7\u00c3O DE GARANTIAS<\/h4>\n<p>MADISAN lembra aos internautas as caracter\u00edsticas e limites da rede Internet. MADISAN n\u00e3o pode ser responsabilizada por qualquer dano decorrente do acesso ao Site ou, pelo contr\u00e1rio, da impossibilidade de acess\u00e1-lo. A MADISAN n\u00e3o pode, em caso algum, ser responsabilizada pela indisponibilidade do Site, por qualquer motivo (falha t\u00e9cnica, congestionamento da rede, etc.). O usu\u00e1rio admite expressamente que utiliza o Site por sua pr\u00f3pria conta e risco e sob sua exclusiva responsabilidade. A MADISAN n\u00e3o pode ser responsabilizada por quaisquer danos, diretos ou indiretos, materiais ou imateriais causados aos utilizadores, aos seus equipamentos inform\u00e1ticos ou de telecomunica\u00e7\u00f5es, aos dados a\u00ed armazenados e \u00e0s consequ\u00eancias que da\u00ed possam resultar na sua actividade pessoal, profissional ou comercial. As informa\u00e7\u00f5es no site s\u00e3o fornecidas apenas para fins informativos. As informa\u00e7\u00f5es publicadas neste Site s\u00e3o atualizadas e verificadas periodicamente, mas ainda podem conter erros. A informa\u00e7\u00e3o deve, em qualquer caso, ser levada em considera\u00e7\u00e3o quando \u00e9 colocada online e n\u00e3o quando voc\u00ea consulta o Site (estes dados podem ter sido atualizados entre o momento em que voc\u00ea fez o download e aquele em que voc\u00ea os leu). Em qualquer caso, MADISAN n\u00e3o pode ser responsabilizada por esta informa\u00e7\u00e3o.<\/p>\n<h4>6. MARCAS<\/h4>\n<p>Todas as marcas mencionadas, em particular MADISAN, s\u00e3o marcas registradas. Todos os direitos reservados copyright \u00a9 - 2018 - MADISAN.<\/p>\n<h4>7. USO DO SITE<\/h4>\n<p>MADISAN oferece o Site principalmente para uso de seus clientes e de qualquer pessoa que deseje conhecer seus servi\u00e7os. Quando voc\u00ea se conecta ao Site: - voc\u00ea concorda em cumprir estes avisos, bem como, de forma mais geral, as leis aplic\u00e1veis, - voc\u00ea se abst\u00e9m de qualquer coleta ou uso indevido, em particular das informa\u00e7\u00f5es pessoais \u00e0s quais voc\u00ea poderia acessar e, em geral , qualquer ato suscet\u00edvel de prejudicar terceiros. Ao preencher um formul\u00e1rio e fornecer informa\u00e7\u00f5es, voc\u00ea concorda em: - fornecer informa\u00e7\u00f5es reais, exatas e atualizadas no momento da inscri\u00e7\u00e3o e, em particular, n\u00e3o usar nomes, qualidades ou endere\u00e7os falsos, ou mesmo nomes, qualidades ou endere\u00e7os sem autoriza\u00e7\u00e3o, - manter os dados cadastrais atualizados de forma a garantir sua real e exata natureza em todos os momentos, - n\u00e3o disponibilizar ou distribuir informa\u00e7\u00f5es, programas ou elementos que sejam ilegais, repreens\u00edveis ou mesmo prejudiciais (como v\u00edrus, pirataria ou c\u00f3pia de software). - n\u00e3o divulgar coment\u00e1rios, opini\u00f5es ou informa\u00e7\u00f5es de natureza difamat\u00f3ria, obscena, violenta, racista e mais genericamente contr\u00e1ria \u00e0s leis e regulamentos em vigor, aos direitos das pessoas e aos bons costumes. Em caso de viola\u00e7\u00e3o destas disposi\u00e7\u00f5es, MADISAN reserva-se o direito de lhe negar o acesso ao Site ou aos servi\u00e7os oferecidos, por sua exclusiva culpa, sem preju\u00edzo de qualquer a\u00e7\u00e3o de responsabilidade.<\/p>\n<p>&nbsp;<\/p>\n<p>\u00a9 2018 obrigado criativo<\/p>\n<\/div>\n\n\t\t<\/div> \n\t<\/div> <div class=\"vc_empty_space\"   style=\"height: 50px\"><span class=\"vc_empty_space_inner\"><\/span><\/div><\/div><\/div><\/div><\/div><\/div>","protected":false},"excerpt":{"rendered":"&nbsp; 1. INFORMA\u00c7\u00d5ES LEGAIS O editor do Site \u00e9 a empresa MADISAN, L&#039;ANTIGEL, A sede desta empresa est\u00e1 atualmente localizada em La Rosiere - 73700 Montvalezan NIF: ********* Sede: a Rosiere - 73700 Montvalezan Email: sandrine.noir@sfr.fr Diretor de publica\u00e7\u00e3o: Sandrine NOIR 2. HOSPEDAGEM...","protected":false},"author":4,"featured_media":0,"parent":0,"menu_order":0,"comment_status":"closed","ping_status":"closed","template":"full_width.php","meta":{"footnotes":""},"class_list":["post-22661","page","type-page","status-publish","hentry"],"_links":{"self":[{"href":"https:\/\/lantigel.com\/pt\/wp-json\/wp\/v2\/pages\/22661"}],"collection":[{"href":"https:\/\/lantigel.com\/pt\/wp-json\/wp\/v2\/pages"}],"about":[{"href":"https:\/\/lantigel.com\/pt\/wp-json\/wp\/v2\/types\/page"}],"author":[{"embeddable":true,"href":"https:\/\/lantigel.com\/pt\/wp-json\/wp\/v2\/users\/4"}],"replies":[{"embeddable":true,"href":"https:\/\/lantigel.com\/pt\/wp-json\/wp\/v2\/comments?post=22661"}],"version-history":[{"count":6,"href":"https:\/\/lantigel.com\/pt\/wp-json\/wp\/v2\/pages\/22661\/revisions"}],"predecessor-version":[{"id":24050,"href":"https:\/\/lantigel.com\/pt\/wp-json\/wp\/v2\/pages\/22661\/revisions\/24050"}],"wp:attachment":[{"href":"https:\/\/lantigel.com\/pt\/wp-json\/wp\/v2\/media?parent=22661"}],"curies":[{"name":"wp","href":"https:\/\/api.w.org\/{rel}","templated":true}]}}